{"id":2779,"date":"2015-08-20T08:51:25","date_gmt":"2015-08-20T12:51:25","guid":{"rendered":"https:\/\/fohcpt.com\/about-us\/?lang=es"},"modified":"2025-11-09T13:25:02","modified_gmt":"2025-11-09T18:25:02","slug":"about-us","status":"publish","type":"page","link":"https:\/\/fohcpt.com\/es\/about-us\/","title":{"rendered":"Medicina Deportiva Fisioterapia"},"content":{"rendered":"<p>[et_pb_section fb_built=\u00bb1&#8243; _builder_version=\u00bb4.18.0&#8243; _module_preset=\u00bbdefault\u00bb background_image=\u00bbhttps:\/\/fohcpt.com\/wp-content\/uploads\/2023\/01\/Physical-Therapy-South-Miami.png\u00bb custom_padding=\u00bb7.5%||7.5%||true|false\u00bb global_colors_info=\u00bb{}\u00bb][et_pb_row _builder_version=\u00bb4.18.0&#8243; _module_preset=\u00bbdefault\u00bb width=\u00bb100%\u00bb custom_padding=\u00bb0px||0px||true|false\u00bb global_colors_info=\u00bb{}\u00bb][et_pb_column type=\u00bb4_4&#8243; _builder_version=\u00bb4.18.0&#8243; _module_preset=\u00bbdefault\u00bb global_colors_info=\u00bb{}\u00bb][et_pb_text _builder_version=\u00bb4.19.5&#8243; _module_preset=\u00bbdefault\u00bb header_font=\u00bbLato|700||on|||||\u00bb header_text_align=\u00bbcenter\u00bb header_text_color=\u00bb#FFFFFF\u00bb header_font_size=\u00bb40px\u00bb header_font_size_tablet=\u00bb40px\u00bb header_font_size_phone=\u00bb26px\u00bb header_font_size_last_edited=\u00bbon|phone\u00bb global_colors_info=\u00bb{}\u00bb]<\/p>\n<h1>La Ciencia de Curar, el Arte de Cuidar<\/h1>\n<p>[\/et_pb_text][\/et_pb_column][\/et_pb_row][\/et_pb_section][et_pb_section fb_built=\u00bb1&#8243; _builder_version=\u00bb4.19.5&#8243; _module_preset=\u00bbdefault\u00bb custom_padding=\u00bb|20px||20px|false|true\u00bb global_colors_info=\u00bb{}\u00bb][et_pb_row column_structure=\u00bb3_5,2_5&#8243; custom_padding_last_edited=\u00bbon|phone\u00bb module_class=\u00bbreverse\u00bb _builder_version=\u00bb4.19.5&#8243; _module_preset=\u00bbdefault\u00bb width=\u00bb100%\u00bb custom_padding_tablet=\u00bb\u00bb custom_padding_phone=\u00bb0px||0px||false|false\u00bb global_colors_info=\u00bb{}\u00bb][et_pb_column type=\u00bb3_5&#8243; _builder_version=\u00bb4.18.0&#8243; _module_preset=\u00bbdefault\u00bb custom_padding=\u00bb||||false|false\u00bb custom_padding_tablet=\u00bb50px||||false|false\u00bb custom_padding_phone=\u00bb50px||||false|false\u00bb custom_padding_last_edited=\u00bbon|tablet\u00bb global_colors_info=\u00bb{}\u00bb][et_pb_text _builder_version=\u00bb4.27.4&#8243; _module_preset=\u00bbdefault\u00bb header_font=\u00bb|700|||||||\u00bb header_2_font=\u00bbLato|700||on|||||\u00bb header_2_font_size=\u00bb30px\u00bb header_3_font=\u00bbLato|700|||||||\u00bb header_3_font_size=\u00bb21px\u00bb header_3_line_height=\u00bb1.3em\u00bb custom_margin=\u00bb||0px||false|false\u00bb custom_padding=\u00bb||20px||false|false\u00bb header_2_font_size_tablet=\u00bb28px\u00bb header_2_font_size_phone=\u00bb22px\u00bb header_2_font_size_last_edited=\u00bbon|phone\u00bb global_colors_info=\u00bb{}\u00bb]<\/p>\n<h2>Medicina Deportiva Fisioterapia<\/h2>\n<h3>Excelencia en Fisioterapia Ortop\u00e9dica y Deportiva &#8211; Miami, Florida<\/h3>\n<p>[\/et_pb_text][et_pb_text _builder_version=\u00bb4.27.4&#8243; _module_preset=\u00bbdefault\u00bb header_2_font=\u00bbLato|700||on|||||\u00bb header_2_font_size=\u00bb28px\u00bb header_2_line_height=\u00bb1.3em\u00bb text_orientation=\u00bbjustified\u00bb global_colors_info=\u00bb{}\u00bb]<\/p>\n<p>Durante m\u00e1s de 28 a\u00f1os, Sports Medicine Physical Therapy ha sido reconocido como uno de los mejores centros de rehabilitaci\u00f3n ortop\u00e9dica y deportiva del sur de Florida. Nos especializamos en terapia manual, recuperaci\u00f3n posquir\u00fargica y restauraci\u00f3n del rendimiento, ofreciendo una atenci\u00f3n personalizada y pr\u00e1ctica que obtiene resultados. <\/p>\n<p>Fundada y dirigida por el Dr. Alex Pereda, DPT, profesor cl\u00ednico de m\u00faltiples universidades locales y fuera del estado, nuestra consulta combina ciencia, compasi\u00f3n y experiencia para proporcionar una atenci\u00f3n de fisioterapia de primera clase.<\/p>\n<p>En Fisioterapia de Medicina Deportiva, estamos orgullosos de contar con la confianza de cirujanos ortop\u00e9dicos y m\u00e9dicos l\u00edderes que nos remiten constantemente a sus pacientes por nuestros resultados probados, integridad y dedicaci\u00f3n a la ciencia de la curaci\u00f3n y el arte de cuidar.<\/p>\n<p>[\/et_pb_text][et_pb_button button_url=\u00bb@ET-DC@eyJkeW5hbWljIjp0cnVlLCJjb250ZW50IjoicG9zdF9saW5rX3VybF9wYWdlIiwic2V0dGluZ3MiOnsicG9zdF9pZCI6IjgyIn19@\u00bb button_text=\u00bbNuestro personal\u00bb button_alignment=\u00bbcenter\u00bb _builder_version=\u00bb4.18.0&#8243; _dynamic_attributes=\u00bbbutton_url\u00bb _module_preset=\u00bbdefault\u00bb custom_button=\u00bbon\u00bb button_text_color=\u00bb#FFFFFF\u00bb button_bg_color=\u00bbgcid-98dd4ca6-d20c-4ea8-9ae0-2625edd27c2b\u00bb button_border_color=\u00bbgcid-98dd4ca6-d20c-4ea8-9ae0-2625edd27c2b\u00bb button_border_radius=\u00bb0px\u00bb button_font=\u00bbLato|700||on|||||\u00bb button_use_icon=\u00bboff\u00bb global_colors_info=\u00bb{%22gcid-98dd4ca6-d20c-4ea8-9ae0-2625edd27c2b%22:%91%22button_border_color%22,%22button_bg_color%22%93}\u00bb][\/et_pb_button][\/et_pb_column][et_pb_column type=\u00bb2_5&#8243; _builder_version=\u00bb4.18.0&#8243; _module_preset=\u00bbdefault\u00bb global_colors_info=\u00bb{}\u00bb][et_pb_image src=\u00bbhttps:\/\/fohcpt.com\/wp-content\/uploads\/2014\/07\/Physical-Therapy-Services-Miami.png\u00bb alt=\u00bbServicios de Fisioterapia Miami\u00bb title_text=\u00bbServicios de Fisioterapia Miami\u00bb align=\u00bbright\u00bb align_tablet=\u00bbcenter\u00bb align_phone=\u00bbcenter\u00bb align_last_edited=\u00bbon|tablet\u00bb _builder_version=\u00bb4.19.5&#8243; _module_preset=\u00bbdefault\u00bb custom_margin=\u00bb8px||||false|false\u00bb global_colors_info=\u00bb{}\u00bb][\/et_pb_image][\/et_pb_column][\/et_pb_row][\/et_pb_section][et_pb_section fb_built=\u00bb1&#8243; _builder_version=\u00bb4.27.4&#8243; _module_preset=\u00bbdefault\u00bb background_image=\u00bbhttps:\/\/fohcpt.com\/wp-content\/uploads\/2023\/01\/no-matter-bg.jpg\u00bb custom_padding=\u00bb130px||130px||true|false\u00bb hover_enabled=\u00bb0&#8243; global_module=\u00bb6435&#8243; saved_tabs=\u00bball\u00bb locked=\u00bboff\u00bb global_colors_info=\u00bb{}\u00bb sticky_enabled=\u00bb0&#8243;][et_pb_row _builder_version=\u00bb4.18.0&#8243; _module_preset=\u00bbdefault\u00bb custom_padding=\u00bb0px||0px||true|false\u00bb global_colors_info=\u00bb{}\u00bb][et_pb_column type=\u00bb4_4&#8243; _builder_version=\u00bb4.18.0&#8243; _module_preset=\u00bbdefault\u00bb global_colors_info=\u00bb{}\u00bb][et_pb_text _builder_version=\u00bb4.19.5&#8243; _module_preset=\u00bbdefault\u00bb header_2_font=\u00bbLato|700||on|||||\u00bb header_2_text_align=\u00bbcenter\u00bb header_2_text_color=\u00bb#FFFFFF\u00bb header_2_font_size=\u00bb30px\u00bb header_2_line_height=\u00bb1.4em\u00bb header_3_font=\u00bb|700|||||||\u00bb header_3_text_align=\u00bbcenter\u00bb header_3_text_color=\u00bb#FFFFFF\u00bb header_3_font_size=\u00bb30px\u00bb custom_margin=\u00bb||10px||false|false\u00bb header_2_font_size_tablet=\u00bb\u00bb header_2_font_size_phone=\u00bb22px\u00bb header_2_font_size_last_edited=\u00bbon|phone\u00bb global_colors_info=\u00bb{}\u00bb]<\/p>\n<h3>No importa si tu dolencia fue causada por un deporte,<br \/>accidente laboral o de otro tipo, nos alegramos de tener la oportunidad de servirte<\/h3>\n<p>[\/et_pb_text][et_pb_button button_url=\u00bb@ET-DC@eyJkeW5hbWljIjp0cnVlLCJjb250ZW50IjoicG9zdF9saW5rX3VybF9wYWdlIiwic2V0dGluZ3MiOnsicG9zdF9pZCI6IjEyMDYifX0=@\u00bb button_text=\u00bbSolicite una Cita\u00bb button_alignment=\u00bbcenter\u00bb _builder_version=\u00bb4.19.5&#8243; _dynamic_attributes=\u00bbbutton_url\u00bb _module_preset=\u00bbdefault\u00bb custom_button=\u00bbon\u00bb button_text_size=\u00bb22px\u00bb button_text_color=\u00bb#FFFFFF\u00bb button_border_width=\u00bb2px\u00bb button_border_color=\u00bb#FFFFFF\u00bb button_border_radius=\u00bb0px\u00bb button_font=\u00bbLato|||on|||||\u00bb button_use_icon=\u00bboff\u00bb custom_padding=\u00bb4px|15px|4px|15px|true|true\u00bb button_text_size_tablet=\u00bb\u00bb button_text_size_phone=\u00bb18px\u00bb button_text_size_last_edited=\u00bbon|phone\u00bb global_colors_info=\u00bb{}\u00bb][\/et_pb_button][\/et_pb_column][\/et_pb_row][\/et_pb_section]<\/p>\n","protected":false},"excerpt":{"rendered":"<p>La Ciencia de Curar, el Arte de CuidarMedicina Deportiva Fisioterapia Excelencia en Fisioterapia Ortop\u00e9dica y Deportiva &#8211; Miami, FloridaDurante m\u00e1s de 28 a\u00f1os, Sports Medicine Physical Therapy ha sido reconocido como uno de los mejores centros de rehabilitaci\u00f3n ortop\u00e9dica y deportiva del sur de Florida. Nos especializamos en terapia manual, recuperaci\u00f3n posquir\u00fargica y restauraci\u00f3n del [&hellip;]<\/p>\n","protected":false},"author":2,"featured_media":17677,"parent":0,"menu_order":20,"comment_status":"closed","ping_status":"closed","template":"","meta":{"_acf_changed":false,"_et_pb_use_builder":"on","_et_pb_old_content":"","_et_gb_content_width":"","footnotes":""},"class_list":["post-2779","page","type-page","status-publish","has-post-thumbnail","hentry"],"acf":[],"yoast_head":"<!-- This site is optimized with the Yoast SEO Premium plugin v27.2 (Yoast SEO v27.2) - https:\/\/yoast.com\/product\/yoast-seo-premium-wordpress\/ -->\n<title>Medicina Deportiva Fisioterapia Ortop\u00e9dica PT Miami<\/title>\n<meta name=\"description\" content=\"Servicios ambulatorios de fisioterapia ortop\u00e9dica y deportiva en el sur de Miami y The Falls, Alex Pereda, DPT, Doctor en Fisioterapia.\" \/>\n<meta name=\"robots\" content=\"index, follow, max-snippet:-1, max-image-preview:large, max-video-preview:-1\" \/>\n<link rel=\"canonical\" href=\"https:\/\/fohcpt.com\/es\/about-us\/\" \/>\n<meta property=\"og:locale\" content=\"es_ES\" \/>\n<meta property=\"og:type\" content=\"article\" \/>\n<meta property=\"og:title\" content=\"Terapia F\u00edsica | Fisioterapia Deportiva Miami\" \/>\n<meta property=\"og:description\" content=\"Servicios ambulatorios de fisioterapia ortop\u00e9dica y deportiva en el sur de Miami y The Falls, Alex Pereda, DPT, Doctor en Fisioterapia.\" \/>\n<meta property=\"og:url\" content=\"https:\/\/fohcpt.com\/es\/about-us\/\" \/>\n<meta property=\"og:site_name\" content=\"Miami FOHCPT\" \/>\n<meta property=\"article:publisher\" content=\"https:\/\/www.facebook.com\/PhysicalTherapyMiami\" \/>\n<meta property=\"article:modified_time\" content=\"2025-11-09T18:25:02+00:00\" \/>\n<meta property=\"og:image\" content=\"https:\/\/fohcpt.com\/wp-content\/uploads\/2025\/11\/FOHCPT-Sports-Medicine-social.jpg\" \/>\n\t<meta property=\"og:image:width\" content=\"1200\" \/>\n\t<meta property=\"og:image:height\" content=\"675\" \/>\n\t<meta property=\"og:image:type\" content=\"image\/jpeg\" \/>\n<meta name=\"twitter:card\" content=\"summary_large_image\" \/>\n<meta name=\"twitter:title\" content=\"Medicina Deportiva Fisioterapia | Florida Occupational Healthcare Physical Therapy Miami\" \/>\n<meta name=\"twitter:label1\" content=\"Tiempo de lectura\" \/>\n\t<meta name=\"twitter:data1\" content=\"2 minutos\" \/>\n<script type=\"application\/ld+json\" class=\"yoast-schema-graph\">{\"@context\":\"https:\/\/schema.org\",\"@graph\":[{\"@type\":\"WebPage\",\"@id\":\"https:\/\/fohcpt.com\/es\/about-us\/\",\"url\":\"https:\/\/fohcpt.com\/es\/about-us\/\",\"name\":\"Medicina Deportiva Fisioterapia Ortop\u00e9dica PT Miami\",\"isPartOf\":{\"@id\":\"https:\/\/fohcpt.com\/es\/#website\"},\"primaryImageOfPage\":{\"@id\":\"https:\/\/fohcpt.com\/es\/about-us\/#primaryimage\"},\"image\":{\"@id\":\"https:\/\/fohcpt.com\/es\/about-us\/#primaryimage\"},\"thumbnailUrl\":\"https:\/\/fohcpt.com\/wp-content\/uploads\/2025\/11\/FOHCPT-Sports-Medicine-social.jpg\",\"datePublished\":\"2015-08-20T12:51:25+00:00\",\"dateModified\":\"2025-11-09T18:25:02+00:00\",\"description\":\"Servicios ambulatorios de fisioterapia ortop\u00e9dica y deportiva en el sur de Miami y The Falls, Alex Pereda, DPT, Doctor en Fisioterapia.\",\"breadcrumb\":{\"@id\":\"https:\/\/fohcpt.com\/es\/about-us\/#breadcrumb\"},\"inLanguage\":\"es\",\"potentialAction\":[{\"@type\":\"ReadAction\",\"target\":[\"https:\/\/fohcpt.com\/es\/about-us\/\"]}]},{\"@type\":\"ImageObject\",\"inLanguage\":\"es\",\"@id\":\"https:\/\/fohcpt.com\/es\/about-us\/#primaryimage\",\"url\":\"https:\/\/fohcpt.com\/wp-content\/uploads\/2025\/11\/FOHCPT-Sports-Medicine-social.jpg\",\"contentUrl\":\"https:\/\/fohcpt.com\/wp-content\/uploads\/2025\/11\/FOHCPT-Sports-Medicine-social.jpg\",\"width\":1200,\"height\":675,\"caption\":\"Medicina Deportiva\"},{\"@type\":\"BreadcrumbList\",\"@id\":\"https:\/\/fohcpt.com\/es\/about-us\/#breadcrumb\",\"itemListElement\":[{\"@type\":\"ListItem\",\"position\":1,\"name\":\"Home\",\"item\":\"https:\/\/fohcpt.com\/es\/\"},{\"@type\":\"ListItem\",\"position\":2,\"name\":\"Medicina Deportiva Fisioterapia\"}]},{\"@type\":\"WebSite\",\"@id\":\"https:\/\/fohcpt.com\/es\/#website\",\"url\":\"https:\/\/fohcpt.com\/es\/\",\"name\":\"Miami FOHCPT\",\"description\":\"Florida Occupational Healthcare Physical Therapy Miami\",\"publisher\":{\"@id\":\"https:\/\/fohcpt.com\/es\/#organization\"},\"alternateName\":\"Physical Therapy Miami\",\"potentialAction\":[{\"@type\":\"SearchAction\",\"target\":{\"@type\":\"EntryPoint\",\"urlTemplate\":\"https:\/\/fohcpt.com\/es\/?s={search_term_string}\"},\"query-input\":{\"@type\":\"PropertyValueSpecification\",\"valueRequired\":true,\"valueName\":\"search_term_string\"}}],\"inLanguage\":\"es\"},{\"@type\":[\"Organization\",\"Place\"],\"@id\":\"https:\/\/fohcpt.com\/es\/#organization\",\"name\":\"Miami FOHCPT\",\"url\":\"https:\/\/fohcpt.com\/es\/\",\"logo\":{\"@id\":\"https:\/\/fohcpt.com\/es\/about-us\/#local-main-organization-logo\"},\"image\":{\"@id\":\"https:\/\/fohcpt.com\/es\/about-us\/#local-main-organization-logo\"},\"sameAs\":[\"https:\/\/www.facebook.com\/PhysicalTherapyMiami\",\"https:\/\/www.youtube.com\/channel\/UCz69b4cBcwygKvB9Cj1NQIw?reload=9\",\"https:\/\/www.linkedin.com\/company\/florida-occupational-healthcare\/about\/\",\"https:\/\/www.instagram.com\/fohcpt\/\"],\"telephone\":[],\"openingHoursSpecification\":[{\"@type\":\"OpeningHoursSpecification\",\"dayOfWeek\":[\"Monday\",\"Tuesday\",\"Wednesday\",\"Thursday\",\"Friday\",\"Saturday\",\"Sunday\"],\"opens\":\"09:00\",\"closes\":\"17:00\"}]},{\"@type\":\"ImageObject\",\"inLanguage\":\"es\",\"@id\":\"https:\/\/fohcpt.com\/es\/about-us\/#local-main-organization-logo\",\"url\":\"https:\/\/fohcpt.com\/wp-content\/uploads\/2023\/01\/Florida-Occupational-Healthcare.png\",\"contentUrl\":\"https:\/\/fohcpt.com\/wp-content\/uploads\/2023\/01\/Florida-Occupational-Healthcare.png\",\"width\":253,\"height\":108,\"caption\":\"Miami FOHCPT\"}]}<\/script>\n<!-- \/ Yoast SEO Premium plugin. -->","yoast_head_json":{"title":"Medicina Deportiva Fisioterapia Ortop\u00e9dica PT Miami","description":"Servicios ambulatorios de fisioterapia ortop\u00e9dica y deportiva en el sur de Miami y The Falls, Alex Pereda, DPT, Doctor en Fisioterapia.","robots":{"index":"index","follow":"follow","max-snippet":"max-snippet:-1","max-image-preview":"max-image-preview:large","max-video-preview":"max-video-preview:-1"},"canonical":"https:\/\/fohcpt.com\/es\/about-us\/","og_locale":"es_ES","og_type":"article","og_title":"Terapia F\u00edsica | Fisioterapia Deportiva Miami","og_description":"Servicios ambulatorios de fisioterapia ortop\u00e9dica y deportiva en el sur de Miami y The Falls, Alex Pereda, DPT, Doctor en Fisioterapia.","og_url":"https:\/\/fohcpt.com\/es\/about-us\/","og_site_name":"Miami FOHCPT","article_publisher":"https:\/\/www.facebook.com\/PhysicalTherapyMiami","article_modified_time":"2025-11-09T18:25:02+00:00","og_image":[{"width":1200,"height":675,"url":"https:\/\/fohcpt.com\/wp-content\/uploads\/2025\/11\/FOHCPT-Sports-Medicine-social.jpg","type":"image\/jpeg"}],"twitter_card":"summary_large_image","twitter_title":"Medicina Deportiva Fisioterapia | Florida Occupational Healthcare Physical Therapy Miami","twitter_misc":{"Tiempo de lectura":"2 minutos"},"schema":{"@context":"https:\/\/schema.org","@graph":[{"@type":"WebPage","@id":"https:\/\/fohcpt.com\/es\/about-us\/","url":"https:\/\/fohcpt.com\/es\/about-us\/","name":"Medicina Deportiva Fisioterapia Ortop\u00e9dica PT Miami","isPartOf":{"@id":"https:\/\/fohcpt.com\/es\/#website"},"primaryImageOfPage":{"@id":"https:\/\/fohcpt.com\/es\/about-us\/#primaryimage"},"image":{"@id":"https:\/\/fohcpt.com\/es\/about-us\/#primaryimage"},"thumbnailUrl":"https:\/\/fohcpt.com\/wp-content\/uploads\/2025\/11\/FOHCPT-Sports-Medicine-social.jpg","datePublished":"2015-08-20T12:51:25+00:00","dateModified":"2025-11-09T18:25:02+00:00","description":"Servicios ambulatorios de fisioterapia ortop\u00e9dica y deportiva en el sur de Miami y The Falls, Alex Pereda, DPT, Doctor en Fisioterapia.","breadcrumb":{"@id":"https:\/\/fohcpt.com\/es\/about-us\/#breadcrumb"},"inLanguage":"es","potentialAction":[{"@type":"ReadAction","target":["https:\/\/fohcpt.com\/es\/about-us\/"]}]},{"@type":"ImageObject","inLanguage":"es","@id":"https:\/\/fohcpt.com\/es\/about-us\/#primaryimage","url":"https:\/\/fohcpt.com\/wp-content\/uploads\/2025\/11\/FOHCPT-Sports-Medicine-social.jpg","contentUrl":"https:\/\/fohcpt.com\/wp-content\/uploads\/2025\/11\/FOHCPT-Sports-Medicine-social.jpg","width":1200,"height":675,"caption":"Medicina Deportiva"},{"@type":"BreadcrumbList","@id":"https:\/\/fohcpt.com\/es\/about-us\/#breadcrumb","itemListElement":[{"@type":"ListItem","position":1,"name":"Home","item":"https:\/\/fohcpt.com\/es\/"},{"@type":"ListItem","position":2,"name":"Medicina Deportiva Fisioterapia"}]},{"@type":"WebSite","@id":"https:\/\/fohcpt.com\/es\/#website","url":"https:\/\/fohcpt.com\/es\/","name":"Miami FOHCPT","description":"Florida Occupational Healthcare Physical Therapy Miami","publisher":{"@id":"https:\/\/fohcpt.com\/es\/#organization"},"alternateName":"Physical Therapy Miami","potentialAction":[{"@type":"SearchAction","target":{"@type":"EntryPoint","urlTemplate":"https:\/\/fohcpt.com\/es\/?s={search_term_string}"},"query-input":{"@type":"PropertyValueSpecification","valueRequired":true,"valueName":"search_term_string"}}],"inLanguage":"es"},{"@type":["Organization","Place"],"@id":"https:\/\/fohcpt.com\/es\/#organization","name":"Miami FOHCPT","url":"https:\/\/fohcpt.com\/es\/","logo":{"@id":"https:\/\/fohcpt.com\/es\/about-us\/#local-main-organization-logo"},"image":{"@id":"https:\/\/fohcpt.com\/es\/about-us\/#local-main-organization-logo"},"sameAs":["https:\/\/www.facebook.com\/PhysicalTherapyMiami","https:\/\/www.youtube.com\/channel\/UCz69b4cBcwygKvB9Cj1NQIw?reload=9","https:\/\/www.linkedin.com\/company\/florida-occupational-healthcare\/about\/","https:\/\/www.instagram.com\/fohcpt\/"],"telephone":[],"openingHoursSpecification":[{"@type":"OpeningHoursSpecification","dayOfWeek":["Monday","Tuesday","Wednesday","Thursday","Friday","Saturday","Sunday"],"opens":"09:00","closes":"17:00"}]},{"@type":"ImageObject","inLanguage":"es","@id":"https:\/\/fohcpt.com\/es\/about-us\/#local-main-organization-logo","url":"https:\/\/fohcpt.com\/wp-content\/uploads\/2023\/01\/Florida-Occupational-Healthcare.png","contentUrl":"https:\/\/fohcpt.com\/wp-content\/uploads\/2023\/01\/Florida-Occupational-Healthcare.png","width":253,"height":108,"caption":"Miami FOHCPT"}]}},"_links":{"self":[{"href":"https:\/\/fohcpt.com\/es\/wp-json\/wp\/v2\/pages\/2779","targetHints":{"allow":["GET"]}}],"collection":[{"href":"https:\/\/fohcpt.com\/es\/wp-json\/wp\/v2\/pages"}],"about":[{"href":"https:\/\/fohcpt.com\/es\/wp-json\/wp\/v2\/types\/page"}],"author":[{"embeddable":true,"href":"https:\/\/fohcpt.com\/es\/wp-json\/wp\/v2\/users\/2"}],"replies":[{"embeddable":true,"href":"https:\/\/fohcpt.com\/es\/wp-json\/wp\/v2\/comments?post=2779"}],"version-history":[{"count":31,"href":"https:\/\/fohcpt.com\/es\/wp-json\/wp\/v2\/pages\/2779\/revisions"}],"predecessor-version":[{"id":17892,"href":"https:\/\/fohcpt.com\/es\/wp-json\/wp\/v2\/pages\/2779\/revisions\/17892"}],"wp:featuredmedia":[{"embeddable":true,"href":"https:\/\/fohcpt.com\/es\/wp-json\/wp\/v2\/media\/17677"}],"wp:attachment":[{"href":"https:\/\/fohcpt.com\/es\/wp-json\/wp\/v2\/media?parent=2779"}],"curies":[{"name":"wp","href":"https:\/\/api.w.org\/{rel}","templated":true}]}}