{"id":2789,"date":"2014-06-16T11:59:22","date_gmt":"2014-06-16T15:59:22","guid":{"rendered":"https:\/\/fohcpt.com\/physical-therapy-rehabilitation-services\/?lang=es"},"modified":"2025-11-06T12:12:33","modified_gmt":"2025-11-06T17:12:33","slug":"physical-therapy-rehabilitation-services","status":"publish","type":"page","link":"https:\/\/fohcpt.com\/es\/physical-therapy-rehabilitation-services\/","title":{"rendered":"Servicios"},"content":{"rendered":"<p>[et_pb_section fb_built=\u00bb1&#8243; _builder_version=\u00bb4.18.0&#8243; _module_preset=\u00bbdefault\u00bb background_image=\u00bbhttps:\/\/fohcpt.com\/wp-content\/uploads\/2023\/01\/Physical-Therapy-South-Miami.png\u00bb custom_padding=\u00bb7.5%||7.5%||true|false\u00bb locked=\u00bboff\u00bb global_colors_info=\u00bb{}\u00bb][et_pb_row _builder_version=\u00bb4.18.0&#8243; _module_preset=\u00bbdefault\u00bb custom_padding=\u00bb0px||0px||true|false\u00bb global_colors_info=\u00bb{}\u00bb][et_pb_column type=\u00bb4_4&#8243; _builder_version=\u00bb4.18.0&#8243; _module_preset=\u00bbdefault\u00bb global_colors_info=\u00bb{}\u00bb][et_pb_text _builder_version=\u00bb4.18.0&#8243; _module_preset=\u00bbdefault\u00bb header_font=\u00bbLato|700||on|||||\u00bb header_text_align=\u00bbcenter\u00bb header_text_color=\u00bb#FFFFFF\u00bb header_font_size=\u00bb40px\u00bb header_font_size_tablet=\u00bb\u00bb header_font_size_phone=\u00bb26px\u00bb header_font_size_last_edited=\u00bbon|phone\u00bb global_colors_info=\u00bb{}\u00bb]<\/p>\n<h1>Servicios<\/h1>\n<p>[\/et_pb_text][\/et_pb_column][\/et_pb_row][\/et_pb_section][et_pb_section fb_built=\u00bb1&#8243; custom_padding_last_edited=\u00bbon|tablet\u00bb admin_label=\u00bbsection\u00bb _builder_version=\u00bb4.18.0&#8243; custom_padding=\u00bb100px|20px|100px|20px|false|true\u00bb custom_padding_tablet=\u00bb50px|20px|50px|20px|true|true\u00bb custom_padding_phone=\u00bb50px|20px|50px|20px|true|true\u00bb global_colors_info=\u00bb{}\u00bb][et_pb_row admin_label=\u00bbrow\u00bb _builder_version=\u00bb4.18.0&#8243; background_size=\u00bbinitial\u00bb background_position=\u00bbtop_left\u00bb background_repeat=\u00bbrepeat\u00bb width=\u00bb100%\u00bb custom_padding=\u00bb0px||0px||false|false\u00bb global_colors_info=\u00bb{}\u00bb][et_pb_column type=\u00bb4_4&#8243; _builder_version=\u00bb4.16&#8243; custom_padding=\u00bb|||\u00bb global_colors_info=\u00bb{}\u00bb custom_padding__hover=\u00bb|||\u00bb][et_pb_text _builder_version=\u00bb4.19.5&#8243; _module_preset=\u00bbdefault\u00bb header_2_font=\u00bb|700||on|||||\u00bb header_2_text_align=\u00bbcenter\u00bb header_2_font_size=\u00bb30px\u00bb text_orientation=\u00bbcenter\u00bb header_2_font_size_tablet=\u00bb30px\u00bb header_2_font_size_phone=\u00bb22px\u00bb header_2_font_size_last_edited=\u00bbon|phone\u00bb global_colors_info=\u00bb{}\u00bb]<\/p>\n<h2>Servicios de fisioterapia<\/h2>\n<p>Lesi\u00f3n, cirug\u00eda, esguince o distensi\u00f3n Los fisioterapeutas de Florida Occupational Healthcare le ayudar\u00e1n a recuperarse m\u00e1s r\u00e1pido, solicite una cita hoy mismo.<\/p>\n<p>[\/et_pb_text][\/et_pb_column][\/et_pb_row][et_pb_row column_structure=\u00bb2_5,3_5&#8243; module_class=\u00bbimg-3&#8243; _builder_version=\u00bb4.18.0&#8243; _module_preset=\u00bbdefault\u00bb width=\u00bb100%\u00bb max_width=\u00bb1420px\u00bb custom_padding=\u00bb50px||0px||false|false\u00bb global_colors_info=\u00bb{}\u00bb][et_pb_column type=\u00bb2_5&#8243; _builder_version=\u00bb4.18.0&#8243; _module_preset=\u00bbdefault\u00bb global_colors_info=\u00bb{}\u00bb][et_pb_code _builder_version=\u00bb4.18.0&#8243; _module_preset=\u00bbdefault\u00bb global_colors_info=\u00bb{}\u00bb]\t\t <div class=\"fohcpt-services-container\">\n\t\t\t <ul>\n\t\t\t\t\t\t  <li>\n\t\t\t\t  <a href=\"https:\/\/fohcpt.com\/es\/services\/physical-therapy-rehabilitation-miami-sports-injuries\/\" >Fisioterapia<\/a>\n\t\t\t  <\/li>\n\t\t\t\t\t\t  <li>\n\t\t\t\t  <a href=\"https:\/\/fohcpt.com\/es\/services\/sports-injuries-physical-therapy-miami\/\" >Lesiones Deportivas<\/a>\n\t\t\t  <\/li>\n\t\t\t\t\t\t  <li>\n\t\t\t\t  <a href=\"https:\/\/fohcpt.com\/es\/services\/senior-fitness-program-miami\/\" >Programa de gimnasia para mayores<\/a>\n\t\t\t  <\/li>\n\t\t\t\t\t\t  <li>\n\t\t\t\t  <a href=\"https:\/\/fohcpt.com\/es\/services\/sub-acute-injuries-physical-therapy-miami\/\" >Lesiones subagudas<\/a>\n\t\t\t  <\/li>\n\t\t\t\t\t\t  <li>\n\t\t\t\t  <a href=\"https:\/\/fohcpt.com\/es\/services\/exacerbation-of-chronic-conditions\/\" >Agravamiento de enfermedades cr\u00f3nicas<\/a>\n\t\t\t  <\/li>\n\t\t\t\t\t\t  <li>\n\t\t\t\t  <a href=\"https:\/\/fohcpt.com\/es\/services\/post-trauma-programs-rehabilitation-miami\/\" >Programas Postraum\u00e1ticos<\/a>\n\t\t\t  <\/li>\n\t\t\t\t\t\t  <li>\n\t\t\t\t  <a href=\"https:\/\/fohcpt.com\/es\/services\/home-exercise-program-physical-therapy-miami\/\" >Programa de ejercicios en casa<\/a>\n\t\t\t  <\/li>\n\t\t\t\t\t\t<\/ul>\n\t\t<\/div>\t  \n\t\t[\/et_pb_code][et_pb_button button_url=\u00bb@ET-DC@eyJkeW5hbWljIjp0cnVlLCJjb250ZW50IjoicG9zdF9saW5rX3VybF9wYWdlIiwic2V0dGluZ3MiOnsicG9zdF9pZCI6IjEyMDYifX0=@\u00bb button_text=\u00bbSOLICITA UNA CITA\u00bb button_alignment=\u00bbcenter\u00bb _builder_version=\u00bb4.27.4&#8243; _dynamic_attributes=\u00bbbutton_url\u00bb _module_preset=\u00bbdefault\u00bb custom_button=\u00bbon\u00bb button_text_color=\u00bb#FFFFFF\u00bb button_bg_color=\u00bbgcid-98dd4ca6-d20c-4ea8-9ae0-2625edd27c2b\u00bb button_border_color=\u00bbgcid-98dd4ca6-d20c-4ea8-9ae0-2625edd27c2b\u00bb button_border_radius=\u00bb0px\u00bb button_font=\u00bb|700|||||||\u00bb button_use_icon=\u00bboff\u00bb hover_enabled=\u00bb0&#8243; global_colors_info=\u00bb{%22gcid-98dd4ca6-d20c-4ea8-9ae0-2625edd27c2b%22:%91%22button_border_color%22,%22button_bg_color%22,%22button_text_color__hover%22%93}\u00bb button_bg_color__hover_enabled=\u00bbon|hover\u00bb button_bg_enable_color__hover=\u00bboff\u00bb button_bg_color__hover=\u00bb\u00bb button_text_color__hover_enabled=\u00bbon|hover\u00bb button_text_color__hover=\u00bb#ee080d\u00bb sticky_enabled=\u00bb0&#8243;][\/et_pb_button][\/et_pb_column][et_pb_column type=\u00bb3_5&#8243; module_class=\u00bbimages-box-2&#8243; _builder_version=\u00bb4.18.0&#8243; _module_preset=\u00bbdefault\u00bb global_colors_info=\u00bb{}\u00bb][et_pb_image src=\u00bbhttps:\/\/fohcpt.com\/wp-content\/uploads\/2023\/01\/Physical-Therapy-Miami.jpeg\u00bb alt=\u00bbFisioterapia Miami\u00bb title_text=\u00bbFisioterapia Miami\u00bb force_fullwidth=\u00bbon\u00bb align_tablet=\u00bb\u00bb align_phone=\u00bbcenter\u00bb align_last_edited=\u00bbon|phone\u00bb _builder_version=\u00bb4.19.5&#8243; _module_preset=\u00bbdefault\u00bb width_tablet=\u00bb\u00bb width_phone=\u00bb100%\u00bb width_last_edited=\u00bbon|phone\u00bb module_alignment=\u00bbcenter\u00bb custom_margin=\u00bb||||false|false\u00bb global_colors_info=\u00bb{}\u00bb custom_css_main_element_last_edited=\u00bbon|phone\u00bb custom_css_main_element_phone=\u00bbwidth:auto !important;\u00bb][\/et_pb_image][et_pb_image src=\u00bbhttps:\/\/fohcpt.com\/wp-content\/uploads\/2023\/01\/Physical-Therapy-South-Miami.jpeg\u00bb alt=\u00bbFisioterapia South Miami\u00bb title_text=\u00bbFisioterapia South Miami\u00bb force_fullwidth=\u00bbon\u00bb align_tablet=\u00bb\u00bb align_phone=\u00bbcenter\u00bb align_last_edited=\u00bbon|phone\u00bb _builder_version=\u00bb4.19.5&#8243; _module_preset=\u00bbdefault\u00bb width_tablet=\u00bb\u00bb width_phone=\u00bb100%\u00bb width_last_edited=\u00bbon|phone\u00bb module_alignment=\u00bbcenter\u00bb custom_margin=\u00bb||||false|false\u00bb global_colors_info=\u00bb{}\u00bb custom_css_main_element_last_edited=\u00bbon|phone\u00bb custom_css_main_element_phone=\u00bbwidth:auto !important;\u00bb][\/et_pb_image][\/et_pb_column][\/et_pb_row][\/et_pb_section][et_pb_section fb_built=\u00bb1&#8243; _builder_version=\u00bb4.18.0&#8243; _module_preset=\u00bbdefault\u00bb background_image=\u00bbhttps:\/\/fohcpt.com\/wp-content\/uploads\/2023\/01\/no-matter-bg.jpg\u00bb custom_padding=\u00bb120px||120px||true|false\u00bb global_module=\u00bb6435&#8243; saved_tabs=\u00bball\u00bb locked=\u00bboff\u00bb global_colors_info=\u00bb{}\u00bb][et_pb_row _builder_version=\u00bb4.18.0&#8243; _module_preset=\u00bbdefault\u00bb custom_padding=\u00bb0px||0px||true|false\u00bb global_colors_info=\u00bb{}\u00bb][et_pb_column type=\u00bb4_4&#8243; _builder_version=\u00bb4.18.0&#8243; _module_preset=\u00bbdefault\u00bb global_colors_info=\u00bb{}\u00bb][et_pb_text _builder_version=\u00bb4.19.5&#8243; _module_preset=\u00bbdefault\u00bb header_2_font=\u00bbLato|700||on|||||\u00bb header_2_text_align=\u00bbcenter\u00bb header_2_text_color=\u00bb#FFFFFF\u00bb header_2_font_size=\u00bb30px\u00bb header_2_line_height=\u00bb1.4em\u00bb header_3_font=\u00bb|700|||||||\u00bb header_3_text_align=\u00bbcenter\u00bb header_3_text_color=\u00bb#FFFFFF\u00bb header_3_font_size=\u00bb30px\u00bb custom_margin=\u00bb||10px||false|false\u00bb header_2_font_size_tablet=\u00bb\u00bb header_2_font_size_phone=\u00bb22px\u00bb header_2_font_size_last_edited=\u00bbon|phone\u00bb global_colors_info=\u00bb{}\u00bb]<\/p>\n<h3>No importa si tu dolencia fue causada por un deporte,<br \/>accidente laboral o de otro tipo, nos alegramos de tener la oportunidad de servirte<\/h3>\n<p>[\/et_pb_text][et_pb_button button_url=\u00bb@ET-DC@eyJkeW5hbWljIjp0cnVlLCJjb250ZW50IjoicG9zdF9saW5rX3VybF9wYWdlIiwic2V0dGluZ3MiOnsicG9zdF9pZCI6IjEyMDYifX0=@\u00bb button_text=\u00bbSolicite una Cita\u00bb button_alignment=\u00bbcenter\u00bb _builder_version=\u00bb4.19.5&#8243; _dynamic_attributes=\u00bbbutton_url\u00bb _module_preset=\u00bbdefault\u00bb custom_button=\u00bbon\u00bb button_text_size=\u00bb22px\u00bb button_text_color=\u00bb#FFFFFF\u00bb button_border_width=\u00bb2px\u00bb button_border_color=\u00bb#FFFFFF\u00bb button_border_radius=\u00bb0px\u00bb button_font=\u00bbLato|||on|||||\u00bb button_use_icon=\u00bboff\u00bb custom_padding=\u00bb4px|15px|4px|15px|true|true\u00bb button_text_size_tablet=\u00bb\u00bb button_text_size_phone=\u00bb18px\u00bb button_text_size_last_edited=\u00bbon|phone\u00bb global_colors_info=\u00bb{}\u00bb][\/et_pb_button][\/et_pb_column][\/et_pb_row][\/et_pb_section]<\/p>\n","protected":false},"excerpt":{"rendered":"<p>[et_pb_section fb_built=\u00bb1&#8243; _builder_version=\u00bb4.18.0&#8243; _module_preset=\u00bbdefault\u00bb background_image=\u00bbhttps:\/\/fohcpt.com\/wp-content\/uploads\/2023\/01\/Physical-Therapy-South-Miami.png\u00bb custom_padding=\u00bb7.5%||7.5%||true|false\u00bb locked=\u00bboff\u00bb global_colors_info=\u00bb{}\u00bb][et_pb_row _builder_version=\u00bb4.18.0&#8243; _module_preset=\u00bbdefault\u00bb custom_padding=\u00bb0px||0px||true|false\u00bb global_colors_info=\u00bb{}\u00bb][et_pb_column type=\u00bb4_4&#8243; _builder_version=\u00bb4.18.0&#8243; _module_preset=\u00bbdefault\u00bb global_colors_info=\u00bb{}\u00bb][et_pb_text _builder_version=\u00bb4.18.0&#8243; _module_preset=\u00bbdefault\u00bb header_font=\u00bbLato|700||on|||||\u00bb header_text_align=\u00bbcenter\u00bb header_text_color=\u00bb#FFFFFF\u00bb header_font_size=\u00bb40px\u00bb header_font_size_tablet=\u00bb\u00bb header_font_size_phone=\u00bb26px\u00bb header_font_size_last_edited=\u00bbon|phone\u00bb global_colors_info=\u00bb{}\u00bb] Servicios [\/et_pb_text][\/et_pb_column][\/et_pb_row][\/et_pb_section][et_pb_section fb_built=\u00bb1&#8243; custom_padding_last_edited=\u00bbon|tablet\u00bb admin_label=\u00bbsection\u00bb _builder_version=\u00bb4.18.0&#8243; custom_padding=\u00bb100px|20px|100px|20px|false|true\u00bb custom_padding_tablet=\u00bb50px|20px|50px|20px|true|true\u00bb custom_padding_phone=\u00bb50px|20px|50px|20px|true|true\u00bb global_colors_info=\u00bb{}\u00bb][et_pb_row admin_label=\u00bbrow\u00bb _builder_version=\u00bb4.18.0&#8243; background_size=\u00bbinitial\u00bb background_position=\u00bbtop_left\u00bb background_repeat=\u00bbrepeat\u00bb width=\u00bb100%\u00bb custom_padding=\u00bb0px||0px||false|false\u00bb global_colors_info=\u00bb{}\u00bb][et_pb_column type=\u00bb4_4&#8243; _builder_version=\u00bb4.16&#8243; custom_padding=\u00bb|||\u00bb global_colors_info=\u00bb{}\u00bb custom_padding__hover=\u00bb|||\u00bb][et_pb_text _builder_version=\u00bb4.19.5&#8243; _module_preset=\u00bbdefault\u00bb header_2_font=\u00bb|700||on|||||\u00bb header_2_text_align=\u00bbcenter\u00bb header_2_font_size=\u00bb30px\u00bb text_orientation=\u00bbcenter\u00bb [&hellip;]<\/p>\n","protected":false},"author":2,"featured_media":0,"parent":0,"menu_order":158,"comment_status":"open","ping_status":"open","template":"","meta":{"_acf_changed":false,"_et_pb_use_builder":"on","_et_pb_old_content":"","_et_gb_content_width":"","footnotes":""},"class_list":["post-2789","page","type-page","status-publish","hentry"],"acf":[],"yoast_head":"<!-- This site is optimized with the Yoast SEO Premium plugin v27.2 (Yoast SEO v27.2) - https:\/\/yoast.com\/product\/yoast-seo-premium-wordpress\/ -->\n<title>Terapia F\u00edsica y Rehabilitaci\u00f3n Deportiva South Miami Sunset Drive<\/title>\n<meta name=\"description\" content=\"Servicios de Terapia Fisica: Lesiones, esguinces o torceduras nuestros fisioterapeutas le ayudaran, South Miami Sunset, Palmetto Bay, Pinecrest.\" \/>\n<meta name=\"robots\" content=\"index, follow, max-snippet:-1, max-image-preview:large, max-video-preview:-1\" \/>\n<link rel=\"canonical\" href=\"https:\/\/fohcpt.com\/es\/physical-therapy-rehabilitation-services\/\" \/>\n<meta property=\"og:locale\" content=\"es_ES\" \/>\n<meta property=\"og:type\" content=\"article\" \/>\n<meta property=\"og:title\" content=\"Fisioterapia y Rehabilitaci\u00f3n Deportiva Miami, Sunset Drive\" \/>\n<meta property=\"og:description\" content=\"Servicios de Terapia Fisica: Lesiones, esguinces o torceduras nuestros fisioterapeutas le ayudaran, South Miami Sunset, Palmetto Bay, Pinecrest.\" \/>\n<meta property=\"og:url\" content=\"https:\/\/fohcpt.com\/es\/physical-therapy-rehabilitation-services\/\" \/>\n<meta property=\"og:site_name\" content=\"Miami FOHCPT\" \/>\n<meta property=\"article:publisher\" content=\"https:\/\/www.facebook.com\/PhysicalTherapyMiami\" \/>\n<meta property=\"article:modified_time\" content=\"2025-11-06T17:12:33+00:00\" \/>\n<meta property=\"og:image\" content=\"https:\/\/fohcpt.com\/wp-content\/uploads\/2023\/01\/Yoast-Social-Media.png\" \/>\n\t<meta property=\"og:image:width\" content=\"960\" \/>\n\t<meta property=\"og:image:height\" content=\"500\" \/>\n\t<meta property=\"og:image:type\" content=\"image\/png\" \/>\n<meta name=\"twitter:card\" content=\"summary_large_image\" \/>\n<meta name=\"twitter:title\" content=\"Fisioterapia y Rehabilitaci\u00f3n Deportiva Miami, Sunset Drive\" \/>\n<meta name=\"twitter:label1\" content=\"Tiempo de lectura\" \/>\n\t<meta name=\"twitter:data1\" content=\"5 minutos\" \/>\n<script type=\"application\/ld+json\" class=\"yoast-schema-graph\">{\"@context\":\"https:\/\/schema.org\",\"@graph\":[{\"@type\":\"WebPage\",\"@id\":\"https:\/\/fohcpt.com\/es\/physical-therapy-rehabilitation-services\/\",\"url\":\"https:\/\/fohcpt.com\/es\/physical-therapy-rehabilitation-services\/\",\"name\":\"Terapia F\u00edsica y Rehabilitaci\u00f3n Deportiva South Miami Sunset Drive\",\"isPartOf\":{\"@id\":\"https:\/\/fohcpt.com\/es\/#website\"},\"datePublished\":\"2014-06-16T15:59:22+00:00\",\"dateModified\":\"2025-11-06T17:12:33+00:00\",\"description\":\"Servicios de Terapia Fisica: Lesiones, esguinces o torceduras nuestros fisioterapeutas le ayudaran, South Miami Sunset, Palmetto Bay, Pinecrest.\",\"breadcrumb\":{\"@id\":\"https:\/\/fohcpt.com\/es\/physical-therapy-rehabilitation-services\/#breadcrumb\"},\"inLanguage\":\"es\",\"potentialAction\":[{\"@type\":\"ReadAction\",\"target\":[\"https:\/\/fohcpt.com\/es\/physical-therapy-rehabilitation-services\/\"]}]},{\"@type\":\"BreadcrumbList\",\"@id\":\"https:\/\/fohcpt.com\/es\/physical-therapy-rehabilitation-services\/#breadcrumb\",\"itemListElement\":[{\"@type\":\"ListItem\",\"position\":1,\"name\":\"Home\",\"item\":\"https:\/\/fohcpt.com\/es\/\"},{\"@type\":\"ListItem\",\"position\":2,\"name\":\"Servicios\"}]},{\"@type\":\"WebSite\",\"@id\":\"https:\/\/fohcpt.com\/es\/#website\",\"url\":\"https:\/\/fohcpt.com\/es\/\",\"name\":\"Miami FOHCPT\",\"description\":\"Florida Occupational Healthcare Physical Therapy Miami\",\"publisher\":{\"@id\":\"https:\/\/fohcpt.com\/es\/#organization\"},\"alternateName\":\"Physical Therapy Miami\",\"potentialAction\":[{\"@type\":\"SearchAction\",\"target\":{\"@type\":\"EntryPoint\",\"urlTemplate\":\"https:\/\/fohcpt.com\/es\/?s={search_term_string}\"},\"query-input\":{\"@type\":\"PropertyValueSpecification\",\"valueRequired\":true,\"valueName\":\"search_term_string\"}}],\"inLanguage\":\"es\"},{\"@type\":[\"Organization\",\"Place\"],\"@id\":\"https:\/\/fohcpt.com\/es\/#organization\",\"name\":\"Miami FOHCPT\",\"url\":\"https:\/\/fohcpt.com\/es\/\",\"logo\":{\"@id\":\"https:\/\/fohcpt.com\/es\/physical-therapy-rehabilitation-services\/#local-main-organization-logo\"},\"image\":{\"@id\":\"https:\/\/fohcpt.com\/es\/physical-therapy-rehabilitation-services\/#local-main-organization-logo\"},\"sameAs\":[\"https:\/\/www.facebook.com\/PhysicalTherapyMiami\",\"https:\/\/www.youtube.com\/channel\/UCz69b4cBcwygKvB9Cj1NQIw?reload=9\",\"https:\/\/www.linkedin.com\/company\/florida-occupational-healthcare\/about\/\",\"https:\/\/www.instagram.com\/fohcpt\/\"],\"telephone\":[],\"openingHoursSpecification\":[{\"@type\":\"OpeningHoursSpecification\",\"dayOfWeek\":[\"Monday\",\"Tuesday\",\"Wednesday\",\"Thursday\",\"Friday\",\"Saturday\",\"Sunday\"],\"opens\":\"09:00\",\"closes\":\"17:00\"}]},{\"@type\":\"ImageObject\",\"inLanguage\":\"es\",\"@id\":\"https:\/\/fohcpt.com\/es\/physical-therapy-rehabilitation-services\/#local-main-organization-logo\",\"url\":\"https:\/\/fohcpt.com\/wp-content\/uploads\/2023\/01\/Florida-Occupational-Healthcare.png\",\"contentUrl\":\"https:\/\/fohcpt.com\/wp-content\/uploads\/2023\/01\/Florida-Occupational-Healthcare.png\",\"width\":253,\"height\":108,\"caption\":\"Miami FOHCPT\"}]}<\/script>\n<!-- \/ Yoast SEO Premium plugin. -->","yoast_head_json":{"title":"Terapia F\u00edsica y Rehabilitaci\u00f3n Deportiva South Miami Sunset Drive","description":"Servicios de Terapia Fisica: Lesiones, esguinces o torceduras nuestros fisioterapeutas le ayudaran, South Miami Sunset, Palmetto Bay, Pinecrest.","robots":{"index":"index","follow":"follow","max-snippet":"max-snippet:-1","max-image-preview":"max-image-preview:large","max-video-preview":"max-video-preview:-1"},"canonical":"https:\/\/fohcpt.com\/es\/physical-therapy-rehabilitation-services\/","og_locale":"es_ES","og_type":"article","og_title":"Fisioterapia y Rehabilitaci\u00f3n Deportiva Miami, Sunset Drive","og_description":"Servicios de Terapia Fisica: Lesiones, esguinces o torceduras nuestros fisioterapeutas le ayudaran, South Miami Sunset, Palmetto Bay, Pinecrest.","og_url":"https:\/\/fohcpt.com\/es\/physical-therapy-rehabilitation-services\/","og_site_name":"Miami FOHCPT","article_publisher":"https:\/\/www.facebook.com\/PhysicalTherapyMiami","article_modified_time":"2025-11-06T17:12:33+00:00","og_image":[{"width":960,"height":500,"url":"https:\/\/fohcpt.com\/wp-content\/uploads\/2023\/01\/Yoast-Social-Media.png","type":"image\/png"}],"twitter_card":"summary_large_image","twitter_title":"Fisioterapia y Rehabilitaci\u00f3n Deportiva Miami, Sunset Drive","twitter_misc":{"Tiempo de lectura":"5 minutos"},"schema":{"@context":"https:\/\/schema.org","@graph":[{"@type":"WebPage","@id":"https:\/\/fohcpt.com\/es\/physical-therapy-rehabilitation-services\/","url":"https:\/\/fohcpt.com\/es\/physical-therapy-rehabilitation-services\/","name":"Terapia F\u00edsica y Rehabilitaci\u00f3n Deportiva South Miami Sunset Drive","isPartOf":{"@id":"https:\/\/fohcpt.com\/es\/#website"},"datePublished":"2014-06-16T15:59:22+00:00","dateModified":"2025-11-06T17:12:33+00:00","description":"Servicios de Terapia Fisica: Lesiones, esguinces o torceduras nuestros fisioterapeutas le ayudaran, South Miami Sunset, Palmetto Bay, Pinecrest.","breadcrumb":{"@id":"https:\/\/fohcpt.com\/es\/physical-therapy-rehabilitation-services\/#breadcrumb"},"inLanguage":"es","potentialAction":[{"@type":"ReadAction","target":["https:\/\/fohcpt.com\/es\/physical-therapy-rehabilitation-services\/"]}]},{"@type":"BreadcrumbList","@id":"https:\/\/fohcpt.com\/es\/physical-therapy-rehabilitation-services\/#breadcrumb","itemListElement":[{"@type":"ListItem","position":1,"name":"Home","item":"https:\/\/fohcpt.com\/es\/"},{"@type":"ListItem","position":2,"name":"Servicios"}]},{"@type":"WebSite","@id":"https:\/\/fohcpt.com\/es\/#website","url":"https:\/\/fohcpt.com\/es\/","name":"Miami FOHCPT","description":"Florida Occupational Healthcare Physical Therapy Miami","publisher":{"@id":"https:\/\/fohcpt.com\/es\/#organization"},"alternateName":"Physical Therapy Miami","potentialAction":[{"@type":"SearchAction","target":{"@type":"EntryPoint","urlTemplate":"https:\/\/fohcpt.com\/es\/?s={search_term_string}"},"query-input":{"@type":"PropertyValueSpecification","valueRequired":true,"valueName":"search_term_string"}}],"inLanguage":"es"},{"@type":["Organization","Place"],"@id":"https:\/\/fohcpt.com\/es\/#organization","name":"Miami FOHCPT","url":"https:\/\/fohcpt.com\/es\/","logo":{"@id":"https:\/\/fohcpt.com\/es\/physical-therapy-rehabilitation-services\/#local-main-organization-logo"},"image":{"@id":"https:\/\/fohcpt.com\/es\/physical-therapy-rehabilitation-services\/#local-main-organization-logo"},"sameAs":["https:\/\/www.facebook.com\/PhysicalTherapyMiami","https:\/\/www.youtube.com\/channel\/UCz69b4cBcwygKvB9Cj1NQIw?reload=9","https:\/\/www.linkedin.com\/company\/florida-occupational-healthcare\/about\/","https:\/\/www.instagram.com\/fohcpt\/"],"telephone":[],"openingHoursSpecification":[{"@type":"OpeningHoursSpecification","dayOfWeek":["Monday","Tuesday","Wednesday","Thursday","Friday","Saturday","Sunday"],"opens":"09:00","closes":"17:00"}]},{"@type":"ImageObject","inLanguage":"es","@id":"https:\/\/fohcpt.com\/es\/physical-therapy-rehabilitation-services\/#local-main-organization-logo","url":"https:\/\/fohcpt.com\/wp-content\/uploads\/2023\/01\/Florida-Occupational-Healthcare.png","contentUrl":"https:\/\/fohcpt.com\/wp-content\/uploads\/2023\/01\/Florida-Occupational-Healthcare.png","width":253,"height":108,"caption":"Miami FOHCPT"}]}},"_links":{"self":[{"href":"https:\/\/fohcpt.com\/es\/wp-json\/wp\/v2\/pages\/2789","targetHints":{"allow":["GET"]}}],"collection":[{"href":"https:\/\/fohcpt.com\/es\/wp-json\/wp\/v2\/pages"}],"about":[{"href":"https:\/\/fohcpt.com\/es\/wp-json\/wp\/v2\/types\/page"}],"author":[{"embeddable":true,"href":"https:\/\/fohcpt.com\/es\/wp-json\/wp\/v2\/users\/2"}],"replies":[{"embeddable":true,"href":"https:\/\/fohcpt.com\/es\/wp-json\/wp\/v2\/comments?post=2789"}],"version-history":[{"count":25,"href":"https:\/\/fohcpt.com\/es\/wp-json\/wp\/v2\/pages\/2789\/revisions"}],"predecessor-version":[{"id":17724,"href":"https:\/\/fohcpt.com\/es\/wp-json\/wp\/v2\/pages\/2789\/revisions\/17724"}],"wp:attachment":[{"href":"https:\/\/fohcpt.com\/es\/wp-json\/wp\/v2\/media?parent=2789"}],"curies":[{"name":"wp","href":"https:\/\/api.w.org\/{rel}","templated":true}]}}