{"id":2806,"date":"2014-06-18T13:19:26","date_gmt":"2014-06-18T17:19:26","guid":{"rendered":"https:\/\/fohcpt.com\/patient-forms\/?lang=es"},"modified":"2023-02-01T15:55:52","modified_gmt":"2023-02-01T20:55:52","slug":"patient-forms","status":"publish","type":"page","link":"https:\/\/fohcpt.com\/es\/patient-forms\/","title":{"rendered":"Formularios para Pacientes"},"content":{"rendered":"<p>[et_pb_section fb_built=\u00bb1&#8243; _builder_version=\u00bb4.18.0&#8243; _module_preset=\u00bbdefault\u00bb background_image=\u00bbhttps:\/\/fohcpt.com\/wp-content\/uploads\/2023\/01\/Physical-Therapy-South-Miami.png\u00bb custom_padding=\u00bb7.5%||7.5%||true|false\u00bb locked=\u00bboff\u00bb global_colors_info=\u00bb{}\u00bb][et_pb_row _builder_version=\u00bb4.18.0&#8243; _module_preset=\u00bbdefault\u00bb custom_padding=\u00bb0px||0px||true|false\u00bb global_colors_info=\u00bb{}\u00bb][et_pb_column type=\u00bb4_4&#8243; _builder_version=\u00bb4.18.0&#8243; _module_preset=\u00bbdefault\u00bb global_colors_info=\u00bb{}\u00bb][et_pb_text _builder_version=\u00bb4.18.0&#8243; _module_preset=\u00bbdefault\u00bb header_font=\u00bbLato|700||on|||||\u00bb header_text_align=\u00bbcenter\u00bb header_text_color=\u00bb#FFFFFF\u00bb header_font_size=\u00bb40px\u00bb header_font_size_tablet=\u00bb\u00bb header_font_size_phone=\u00bb26px\u00bb header_font_size_last_edited=\u00bbon|phone\u00bb global_colors_info=\u00bb{}\u00bb]<\/p>\n<h1>Formularios<\/h1>\n<p>[\/et_pb_text][\/et_pb_column][\/et_pb_row][\/et_pb_section][et_pb_section fb_built=\u00bb1&#8243; custom_padding_last_edited=\u00bbon|tablet\u00bb _builder_version=\u00bb4.18.0&#8243; _module_preset=\u00bbdefault\u00bb custom_padding=\u00bb100px|20px|100px|20px|false|true\u00bb custom_padding_tablet=\u00bb50px|20px|50px|20px|true|true\u00bb custom_padding_phone=\u00bb50px|20px|50px|20px|true|true\u00bb global_colors_info=\u00bb{}\u00bb][et_pb_row _builder_version=\u00bb4.18.0&#8243; _module_preset=\u00bbdefault\u00bb width=\u00bb100%\u00bb custom_padding=\u00bb0px||||false|false\u00bb global_colors_info=\u00bb{}\u00bb][et_pb_column type=\u00bb4_4&#8243; _builder_version=\u00bb4.18.0&#8243; _module_preset=\u00bbdefault\u00bb global_colors_info=\u00bb{}\u00bb][et_pb_text _builder_version=\u00bb4.18.0&#8243; _module_preset=\u00bbdefault\u00bb header_2_font=\u00bb|700|||||||\u00bb header_2_text_align=\u00bbcenter\u00bb header_2_text_color=\u00bb#000000&#8243; header_2_font_size=\u00bb30px\u00bb header_2_font_size_tablet=\u00bb30px\u00bb header_2_font_size_phone=\u00bb22px\u00bb header_2_font_size_last_edited=\u00bbon|phone\u00bb global_colors_info=\u00bb{}\u00bb]<\/p>\n<h2>Formularios de Admisi\u00f3n de Pacientes<\/h2>\n<p>[\/et_pb_text][\/et_pb_column][\/et_pb_row][et_pb_row column_structure=\u00bb1_2,1_2&#8243; _builder_version=\u00bb4.18.0&#8243; _module_preset=\u00bbdefault\u00bb width=\u00bb100%\u00bb custom_padding=\u00bb||0px||false|false\u00bb global_colors_info=\u00bb{}\u00bb][et_pb_column type=\u00bb1_2&#8243; _builder_version=\u00bb4.18.0&#8243; _module_preset=\u00bbdefault\u00bb custom_padding=\u00bb|5%||5%|false|true\u00bb custom_padding_tablet=\u00bb|5%||5%|false|true\u00bb custom_padding_phone=\u00bb|0%||0%|false|true\u00bb custom_padding_last_edited=\u00bbon|phone\u00bb global_colors_info=\u00bb{}\u00bb][et_pb_blurb title=\u00bbFormularios de Admisi\u00f3n de Pacientes\u00bb url=\u00bbhttps:\/\/fohcpt.com\/wp-content\/uploads\/2023\/01\/Patient-Intake-Form.pdf\u00bb url_new_window=\u00bbon\u00bb image=\u00bbhttps:\/\/fohcpt.com\/wp-content\/uploads\/2023\/01\/pdf-images.png\u00bb alt=\u00bbim\u00e1genes pdf\u00bb icon_placement=\u00bbleft\u00bb module_class=\u00bbpdf-box\u00bb _builder_version=\u00bb4.19.5&#8243; _module_preset=\u00bbdefault\u00bb header_font=\u00bb|700||on|||||\u00bb header_font_size=\u00bb20px\u00bb background_color=\u00bb#f4f4f4&#8243; module_alignment=\u00bbcenter\u00bb custom_margin=\u00bb||40px||false|false\u00bb custom_padding=\u00bb20px|25px|20px|25px|true|true\u00bb custom_padding_tablet=\u00bb20px|25px|20px|25px|true|true\u00bb custom_padding_phone=\u00bb20px||20px||true|true\u00bb custom_padding_last_edited=\u00bbon|phone\u00bb link_option_url_new_window=\u00bbon\u00bb header_font_size_tablet=\u00bb20px\u00bb header_font_size_phone=\u00bb16px\u00bb header_font_size_last_edited=\u00bbon|phone\u00bb box_shadow_style=\u00bbpreset1&#8243; box_shadow_vertical=\u00bb1px\u00bb box_shadow_blur=\u00bb5px\u00bb global_colors_info=\u00bb{}\u00bb][\/et_pb_blurb][et_pb_blurb title=\u00bbDiscapacidad Lumbar\/Espalda Baja\u00bb url=\u00bbhttps:\/\/fohcpt.com\/wp-content\/uploads\/2023\/01\/Low-Back-Disability.pdf\u00bb url_new_window=\u00bbon\u00bb image=\u00bbhttps:\/\/fohcpt.com\/wp-content\/uploads\/2023\/01\/pdf-images.png\u00bb alt=\u00bbim\u00e1genes pdf\u00bb icon_placement=\u00bbleft\u00bb module_class=\u00bbpdf-box\u00bb _builder_version=\u00bb4.19.5&#8243; _module_preset=\u00bbdefault\u00bb header_font=\u00bb|700||on|||||\u00bb header_font_size=\u00bb20px\u00bb background_color=\u00bb#f4f4f4&#8243; module_alignment=\u00bbcenter\u00bb custom_margin=\u00bb||40px||false|false\u00bb custom_padding=\u00bb20px|25px|20px|25px|true|true\u00bb link_option_url_new_window=\u00bbon\u00bb header_font_size_tablet=\u00bb20px\u00bb header_font_size_phone=\u00bb16px\u00bb header_font_size_last_edited=\u00bbon|phone\u00bb box_shadow_style=\u00bbpreset1&#8243; box_shadow_vertical=\u00bb1px\u00bb box_shadow_blur=\u00bb5px\u00bb global_colors_info=\u00bb{}\u00bb][\/et_pb_blurb][et_pb_blurb title=\u00bbDiscapacidad del Cuello\u00bb url=\u00bbhttps:\/\/fohcpt.com\/wp-content\/uploads\/2023\/01\/Neck-Disability.pdf\u00bb url_new_window=\u00bbon\u00bb image=\u00bbhttps:\/\/fohcpt.com\/wp-content\/uploads\/2023\/01\/pdf-images.png\u00bb alt=\u00bbim\u00e1genes pdf\u00bb icon_placement=\u00bbleft\u00bb module_class=\u00bbpdf-box\u00bb _builder_version=\u00bb4.19.5&#8243; _module_preset=\u00bbdefault\u00bb header_font=\u00bb|700||on|||||\u00bb header_font_size=\u00bb20px\u00bb background_color=\u00bb#f4f4f4&#8243; module_alignment=\u00bbcenter\u00bb custom_margin=\u00bb||40px||false|false\u00bb custom_padding=\u00bb20px|25px|20px|25px|true|true\u00bb link_option_url_new_window=\u00bbon\u00bb header_font_size_tablet=\u00bb20px\u00bb header_font_size_phone=\u00bb16px\u00bb header_font_size_last_edited=\u00bbon|phone\u00bb box_shadow_style=\u00bbpreset1&#8243; box_shadow_vertical=\u00bb1px\u00bb box_shadow_blur=\u00bb5px\u00bb global_colors_info=\u00bb{}\u00bb][\/et_pb_blurb][et_pb_blurb title=\u00bbComparta su Testimonio, D\u00e9janos su Comentario\u00bb url=\u00bbhttps:\/\/fohcpt.com\/wp-content\/uploads\/2023\/01\/Patient-Satisfaction-Feedback.pdf\u00bb url_new_window=\u00bbon\u00bb image=\u00bbhttps:\/\/fohcpt.com\/wp-content\/uploads\/2023\/01\/pdf-images.png\u00bb alt=\u00bbim\u00e1genes pdf\u00bb icon_placement=\u00bbleft\u00bb module_class=\u00bbpdf-box\u00bb _builder_version=\u00bb4.19.5&#8243; _module_preset=\u00bbdefault\u00bb header_font=\u00bb|700||on|||||\u00bb header_font_size=\u00bb20px\u00bb background_color=\u00bb#f4f4f4&#8243; module_alignment=\u00bbcenter\u00bb custom_margin=\u00bb||||false|false\u00bb custom_margin_last_edited=\u00bboff|tablet\u00bb custom_padding=\u00bb20px|25px|20px|25px|true|true\u00bb link_option_url_new_window=\u00bbon\u00bb header_font_size_tablet=\u00bb20px\u00bb header_font_size_phone=\u00bb16px\u00bb header_font_size_last_edited=\u00bbon|phone\u00bb box_shadow_style=\u00bbpreset1&#8243; box_shadow_vertical=\u00bb1px\u00bb box_shadow_blur=\u00bb5px\u00bb global_colors_info=\u00bb{}\u00bb][\/et_pb_blurb][\/et_pb_column][et_pb_column type=\u00bb1_2&#8243; _builder_version=\u00bb4.19.5&#8243; _module_preset=\u00bbdefault\u00bb custom_padding=\u00bb|5%||5%|false|true\u00bb custom_padding_tablet=\u00bb15px|5%||5%|false|true\u00bb custom_padding_phone=\u00bb|0%||0%|false|true\u00bb custom_padding_last_edited=\u00bbon|phone\u00bb global_colors_info=\u00bb{}\u00bb][et_pb_blurb title=\u00bbExtremidad Superior\u00bb url=\u00bbhttps:\/\/fohcpt.com\/wp-content\/uploads\/2023\/01\/Upper-Extremity.pdf\u00bb url_new_window=\u00bbon\u00bb image=\u00bbhttps:\/\/fohcpt.com\/wp-content\/uploads\/2023\/01\/pdf-images.png\u00bb alt=\u00bbim\u00e1genes pdf\u00bb icon_placement=\u00bbleft\u00bb module_class=\u00bbpdf-box\u00bb _builder_version=\u00bb4.19.5&#8243; _module_preset=\u00bbdefault\u00bb header_font=\u00bb|700||on|||||\u00bb header_font_size=\u00bb20px\u00bb background_color=\u00bb#f4f4f4&#8243; module_alignment=\u00bbcenter\u00bb custom_margin=\u00bb||40px||false|false\u00bb custom_padding=\u00bb20px|25px|20px|25px|true|true\u00bb link_option_url_new_window=\u00bbon\u00bb header_font_size_tablet=\u00bb20px\u00bb header_font_size_phone=\u00bb16px\u00bb header_font_size_last_edited=\u00bbon|phone\u00bb box_shadow_style=\u00bbpreset1&#8243; box_shadow_vertical=\u00bb1px\u00bb box_shadow_blur=\u00bb5px\u00bb global_colors_info=\u00bb{}\u00bb][\/et_pb_blurb][et_pb_blurb title=\u00bbExtremidad Inferior\u00bb url=\u00bbhttps:\/\/fohcpt.com\/wp-content\/uploads\/2023\/01\/Lower-Extremity.pdf\u00bb url_new_window=\u00bbon\u00bb image=\u00bbhttps:\/\/fohcpt.com\/wp-content\/uploads\/2023\/01\/pdf-images.png\u00bb alt=\u00bbim\u00e1genes pdf\u00bb icon_placement=\u00bbleft\u00bb module_class=\u00bbpdf-box\u00bb _builder_version=\u00bb4.19.5&#8243; _module_preset=\u00bbdefault\u00bb header_font=\u00bb|700||on|||||\u00bb header_font_size=\u00bb20px\u00bb background_color=\u00bb#f4f4f4&#8243; module_alignment=\u00bbcenter\u00bb custom_margin=\u00bb||40px||false|false\u00bb custom_padding=\u00bb20px|25px|20px|25px|true|true\u00bb header_font_size_tablet=\u00bb20px\u00bb header_font_size_phone=\u00bb16px\u00bb header_font_size_last_edited=\u00bbon|phone\u00bb box_shadow_style=\u00bbpreset1&#8243; box_shadow_vertical=\u00bb1px\u00bb box_shadow_blur=\u00bb5px\u00bb global_colors_info=\u00bb{}\u00bb][\/et_pb_blurb][et_pb_blurb title=\u00bbAutorizaci\u00f3n de Tarjeta de Cr\u00e9dito\u00bb url=\u00bbhttps:\/\/fohcpt.com\/wp-content\/uploads\/2023\/01\/CC-Authorization.pdf\u00bb image=\u00bbhttps:\/\/fohcpt.com\/wp-content\/uploads\/2023\/01\/pdf-images.png\u00bb alt=\u00bbim\u00e1genes pdf\u00bb icon_placement=\u00bbleft\u00bb module_class=\u00bbpdf-box\u00bb _builder_version=\u00bb4.19.5&#8243; _module_preset=\u00bbdefault\u00bb header_font=\u00bb|700||on|||||\u00bb header_font_size=\u00bb20px\u00bb background_color=\u00bb#f4f4f4&#8243; module_alignment=\u00bbcenter\u00bb custom_padding=\u00bb20px|25px|20px|25px|true|true\u00bb link_option_url_new_window=\u00bbon\u00bb header_font_size_tablet=\u00bb20px\u00bb header_font_size_phone=\u00bb16px\u00bb header_font_size_last_edited=\u00bbon|phone\u00bb box_shadow_style=\u00bbpreset1&#8243; box_shadow_vertical=\u00bb1px\u00bb box_shadow_blur=\u00bb5px\u00bb global_colors_info=\u00bb{}\u00bb][\/et_pb_blurb][\/et_pb_column][\/et_pb_row][\/et_pb_section][et_pb_section fb_built=\u00bb1&#8243; _builder_version=\u00bb4.18.0&#8243; _module_preset=\u00bbdefault\u00bb background_image=\u00bbhttps:\/\/fohcpt.com\/wp-content\/uploads\/2023\/01\/no-matter-bg.jpg\u00bb custom_padding=\u00bb120px||120px||true|false\u00bb global_module=\u00bb6435&#8243; saved_tabs=\u00bball\u00bb locked=\u00bboff\u00bb global_colors_info=\u00bb{}\u00bb][et_pb_row _builder_version=\u00bb4.18.0&#8243; _module_preset=\u00bbdefault\u00bb custom_padding=\u00bb0px||0px||true|false\u00bb global_colors_info=\u00bb{}\u00bb][et_pb_column type=\u00bb4_4&#8243; _builder_version=\u00bb4.18.0&#8243; _module_preset=\u00bbdefault\u00bb global_colors_info=\u00bb{}\u00bb][et_pb_text _builder_version=\u00bb4.18.0&#8243; _module_preset=\u00bbdefault\u00bb header_2_font=\u00bbLato|700||on|||||\u00bb header_2_text_align=\u00bbcenter\u00bb header_2_text_color=\u00bb#FFFFFF\u00bb header_2_font_size=\u00bb30px\u00bb header_2_line_height=\u00bb1.4em\u00bb custom_margin=\u00bb||10px||false|false\u00bb header_2_font_size_tablet=\u00bb\u00bb header_2_font_size_phone=\u00bb22px\u00bb header_2_font_size_last_edited=\u00bbon|phone\u00bb global_colors_info=\u00bb{}\u00bb]<\/p>\n<h2>No importa si su dolencia haya sido causada por deporte,<br \/>accidente laboral o de otra manera, estamos para servirle y ayudarlo a recuperarse<\/h2>\n<p>[\/et_pb_text][et_pb_button button_url=\u00bb@ET-DC@eyJkeW5hbWljIjp0cnVlLCJjb250ZW50IjoicG9zdF9saW5rX3VybF9wYWdlIiwic2V0dGluZ3MiOnsicG9zdF9pZCI6IjEyMDYifX0=@\u00bb button_text=\u00bbSolicite una Cita\u00bb button_alignment=\u00bbcenter\u00bb _builder_version=\u00bb4.19.5&#8243; _dynamic_attributes=\u00bbbutton_url\u00bb _module_preset=\u00bbdefault\u00bb custom_button=\u00bbon\u00bb button_text_size=\u00bb22px\u00bb button_text_color=\u00bb#FFFFFF\u00bb button_border_width=\u00bb2px\u00bb button_border_color=\u00bb#FFFFFF\u00bb button_border_radius=\u00bb0px\u00bb button_font=\u00bbLato|||on|||||\u00bb button_use_icon=\u00bboff\u00bb custom_padding=\u00bb4px|15px|4px|15px|true|true\u00bb button_text_size_tablet=\u00bb\u00bb button_text_size_phone=\u00bb18px\u00bb button_text_size_last_edited=\u00bbon|phone\u00bb global_colors_info=\u00bb{}\u00bb][\/et_pb_button][\/et_pb_column][\/et_pb_row][\/et_pb_section]<\/p>\n","protected":false},"excerpt":{"rendered":"<p>FormulariosFormularios de Admisi\u00f3n de PacientesNo importa si su dolencia haya sido causada por deporte,accidente laboral o de otra manera, estamos para servirle y ayudarlo a recuperarse<\/p>\n","protected":false},"author":2,"featured_media":0,"parent":0,"menu_order":94,"comment_status":"open","ping_status":"open","template":"","meta":{"_acf_changed":false,"_et_pb_use_builder":"on","_et_pb_old_content":"","_et_gb_content_width":"","footnotes":""},"class_list":["post-2806","page","type-page","status-publish","hentry"],"acf":[],"yoast_head":"<!-- This site is optimized with the Yoast SEO Premium plugin v27.2 (Yoast SEO v27.2) - https:\/\/yoast.com\/product\/yoast-seo-premium-wordpress\/ -->\n<title>Formularios | Formulario de admisi\u00f3n de pacientes | Fisioterapia y rehabilitaci\u00f3n deportiva<\/title>\n<meta name=\"description\" content=\"Formularios: Formularios de admisi\u00f3n de pacientes, incapacidad lumbar, incapacidad cervical, extremidad superior, extremidad inferior. Se admiten visitas sin cita previa o por tel\u00e9fono.\" \/>\n<meta name=\"robots\" content=\"index, follow, max-snippet:-1, max-image-preview:large, max-video-preview:-1\" \/>\n<link rel=\"canonical\" href=\"https:\/\/fohcpt.com\/es\/patient-forms\/\" \/>\n<meta property=\"og:locale\" content=\"es_ES\" \/>\n<meta property=\"og:type\" content=\"article\" \/>\n<meta property=\"og:title\" content=\"Formularios para Pacientes | Florida Occupational Healthcare Physical Therapy Miami\" \/>\n<meta property=\"og:description\" content=\"Formularios: Formularios de admisi\u00f3n de pacientes, incapacidad lumbar, incapacidad cervical, extremidad superior, extremidad inferior. Se admiten visitas sin cita previa o por tel\u00e9fono.\" \/>\n<meta property=\"og:url\" content=\"https:\/\/fohcpt.com\/es\/patient-forms\/\" \/>\n<meta property=\"og:site_name\" content=\"Miami FOHCPT\" \/>\n<meta property=\"article:publisher\" content=\"https:\/\/www.facebook.com\/PhysicalTherapyMiami\" \/>\n<meta property=\"article:modified_time\" content=\"2023-02-01T20:55:52+00:00\" \/>\n<meta property=\"og:image\" content=\"https:\/\/fohcpt.com\/wp-content\/uploads\/2026\/01\/Physical-Therapy-Sports-Medicine.png\" \/>\n\t<meta property=\"og:image:width\" content=\"1200\" \/>\n\t<meta property=\"og:image:height\" content=\"675\" \/>\n\t<meta property=\"og:image:type\" content=\"image\/png\" \/>\n<meta name=\"twitter:card\" content=\"summary_large_image\" \/>\n<meta name=\"twitter:label1\" content=\"Tiempo de lectura\" \/>\n\t<meta name=\"twitter:data1\" content=\"1 minuto\" \/>\n<script type=\"application\/ld+json\" class=\"yoast-schema-graph\">{\"@context\":\"https:\/\/schema.org\",\"@graph\":[{\"@type\":\"WebPage\",\"@id\":\"https:\/\/fohcpt.com\/es\/patient-forms\/\",\"url\":\"https:\/\/fohcpt.com\/es\/patient-forms\/\",\"name\":\"Formularios | Formulario de admisi\u00f3n de pacientes | Fisioterapia y rehabilitaci\u00f3n deportiva\",\"isPartOf\":{\"@id\":\"https:\/\/fohcpt.com\/es\/#website\"},\"datePublished\":\"2014-06-18T17:19:26+00:00\",\"dateModified\":\"2023-02-01T20:55:52+00:00\",\"description\":\"Formularios: Formularios de admisi\u00f3n de pacientes, incapacidad lumbar, incapacidad cervical, extremidad superior, extremidad inferior. Se admiten visitas sin cita previa o por tel\u00e9fono.\",\"breadcrumb\":{\"@id\":\"https:\/\/fohcpt.com\/es\/patient-forms\/#breadcrumb\"},\"inLanguage\":\"es\",\"potentialAction\":[{\"@type\":\"ReadAction\",\"target\":[\"https:\/\/fohcpt.com\/es\/patient-forms\/\"]}]},{\"@type\":\"BreadcrumbList\",\"@id\":\"https:\/\/fohcpt.com\/es\/patient-forms\/#breadcrumb\",\"itemListElement\":[{\"@type\":\"ListItem\",\"position\":1,\"name\":\"Home\",\"item\":\"https:\/\/fohcpt.com\/es\/\"},{\"@type\":\"ListItem\",\"position\":2,\"name\":\"Formularios para Pacientes\"}]},{\"@type\":\"WebSite\",\"@id\":\"https:\/\/fohcpt.com\/es\/#website\",\"url\":\"https:\/\/fohcpt.com\/es\/\",\"name\":\"Miami FOHCPT\",\"description\":\"Florida Occupational Healthcare Physical Therapy Miami\",\"publisher\":{\"@id\":\"https:\/\/fohcpt.com\/es\/#organization\"},\"alternateName\":\"Physical Therapy Miami\",\"potentialAction\":[{\"@type\":\"SearchAction\",\"target\":{\"@type\":\"EntryPoint\",\"urlTemplate\":\"https:\/\/fohcpt.com\/es\/?s={search_term_string}\"},\"query-input\":{\"@type\":\"PropertyValueSpecification\",\"valueRequired\":true,\"valueName\":\"search_term_string\"}}],\"inLanguage\":\"es\"},{\"@type\":[\"Organization\",\"Place\"],\"@id\":\"https:\/\/fohcpt.com\/es\/#organization\",\"name\":\"Miami FOHCPT\",\"url\":\"https:\/\/fohcpt.com\/es\/\",\"logo\":{\"@id\":\"https:\/\/fohcpt.com\/es\/patient-forms\/#local-main-organization-logo\"},\"image\":{\"@id\":\"https:\/\/fohcpt.com\/es\/patient-forms\/#local-main-organization-logo\"},\"sameAs\":[\"https:\/\/www.facebook.com\/PhysicalTherapyMiami\",\"https:\/\/www.youtube.com\/channel\/UCz69b4cBcwygKvB9Cj1NQIw?reload=9\",\"https:\/\/www.linkedin.com\/company\/florida-occupational-healthcare\/about\/\",\"https:\/\/www.instagram.com\/fohcpt\/\"],\"telephone\":[],\"openingHoursSpecification\":[{\"@type\":\"OpeningHoursSpecification\",\"dayOfWeek\":[\"Monday\",\"Tuesday\",\"Wednesday\",\"Thursday\",\"Friday\",\"Saturday\",\"Sunday\"],\"opens\":\"09:00\",\"closes\":\"17:00\"}]},{\"@type\":\"ImageObject\",\"inLanguage\":\"es\",\"@id\":\"https:\/\/fohcpt.com\/es\/patient-forms\/#local-main-organization-logo\",\"url\":\"https:\/\/fohcpt.com\/wp-content\/uploads\/2023\/01\/Florida-Occupational-Healthcare.png\",\"contentUrl\":\"https:\/\/fohcpt.com\/wp-content\/uploads\/2023\/01\/Florida-Occupational-Healthcare.png\",\"width\":253,\"height\":108,\"caption\":\"Miami FOHCPT\"}]}<\/script>\n<!-- \/ Yoast SEO Premium plugin. -->","yoast_head_json":{"title":"Formularios | Formulario de admisi\u00f3n de pacientes | Fisioterapia y rehabilitaci\u00f3n deportiva","description":"Formularios: Formularios de admisi\u00f3n de pacientes, incapacidad lumbar, incapacidad cervical, extremidad superior, extremidad inferior. Se admiten visitas sin cita previa o por tel\u00e9fono.","robots":{"index":"index","follow":"follow","max-snippet":"max-snippet:-1","max-image-preview":"max-image-preview:large","max-video-preview":"max-video-preview:-1"},"canonical":"https:\/\/fohcpt.com\/es\/patient-forms\/","og_locale":"es_ES","og_type":"article","og_title":"Formularios para Pacientes | Florida Occupational Healthcare Physical Therapy Miami","og_description":"Formularios: Formularios de admisi\u00f3n de pacientes, incapacidad lumbar, incapacidad cervical, extremidad superior, extremidad inferior. Se admiten visitas sin cita previa o por tel\u00e9fono.","og_url":"https:\/\/fohcpt.com\/es\/patient-forms\/","og_site_name":"Miami FOHCPT","article_publisher":"https:\/\/www.facebook.com\/PhysicalTherapyMiami","article_modified_time":"2023-02-01T20:55:52+00:00","og_image":[{"width":1200,"height":675,"url":"https:\/\/fohcpt.com\/wp-content\/uploads\/2026\/01\/Physical-Therapy-Sports-Medicine.png","type":"image\/png"}],"twitter_card":"summary_large_image","twitter_misc":{"Tiempo de lectura":"1 minuto"},"schema":{"@context":"https:\/\/schema.org","@graph":[{"@type":"WebPage","@id":"https:\/\/fohcpt.com\/es\/patient-forms\/","url":"https:\/\/fohcpt.com\/es\/patient-forms\/","name":"Formularios | Formulario de admisi\u00f3n de pacientes | Fisioterapia y rehabilitaci\u00f3n deportiva","isPartOf":{"@id":"https:\/\/fohcpt.com\/es\/#website"},"datePublished":"2014-06-18T17:19:26+00:00","dateModified":"2023-02-01T20:55:52+00:00","description":"Formularios: Formularios de admisi\u00f3n de pacientes, incapacidad lumbar, incapacidad cervical, extremidad superior, extremidad inferior. Se admiten visitas sin cita previa o por tel\u00e9fono.","breadcrumb":{"@id":"https:\/\/fohcpt.com\/es\/patient-forms\/#breadcrumb"},"inLanguage":"es","potentialAction":[{"@type":"ReadAction","target":["https:\/\/fohcpt.com\/es\/patient-forms\/"]}]},{"@type":"BreadcrumbList","@id":"https:\/\/fohcpt.com\/es\/patient-forms\/#breadcrumb","itemListElement":[{"@type":"ListItem","position":1,"name":"Home","item":"https:\/\/fohcpt.com\/es\/"},{"@type":"ListItem","position":2,"name":"Formularios para Pacientes"}]},{"@type":"WebSite","@id":"https:\/\/fohcpt.com\/es\/#website","url":"https:\/\/fohcpt.com\/es\/","name":"Miami FOHCPT","description":"Florida Occupational Healthcare Physical Therapy Miami","publisher":{"@id":"https:\/\/fohcpt.com\/es\/#organization"},"alternateName":"Physical Therapy Miami","potentialAction":[{"@type":"SearchAction","target":{"@type":"EntryPoint","urlTemplate":"https:\/\/fohcpt.com\/es\/?s={search_term_string}"},"query-input":{"@type":"PropertyValueSpecification","valueRequired":true,"valueName":"search_term_string"}}],"inLanguage":"es"},{"@type":["Organization","Place"],"@id":"https:\/\/fohcpt.com\/es\/#organization","name":"Miami FOHCPT","url":"https:\/\/fohcpt.com\/es\/","logo":{"@id":"https:\/\/fohcpt.com\/es\/patient-forms\/#local-main-organization-logo"},"image":{"@id":"https:\/\/fohcpt.com\/es\/patient-forms\/#local-main-organization-logo"},"sameAs":["https:\/\/www.facebook.com\/PhysicalTherapyMiami","https:\/\/www.youtube.com\/channel\/UCz69b4cBcwygKvB9Cj1NQIw?reload=9","https:\/\/www.linkedin.com\/company\/florida-occupational-healthcare\/about\/","https:\/\/www.instagram.com\/fohcpt\/"],"telephone":[],"openingHoursSpecification":[{"@type":"OpeningHoursSpecification","dayOfWeek":["Monday","Tuesday","Wednesday","Thursday","Friday","Saturday","Sunday"],"opens":"09:00","closes":"17:00"}]},{"@type":"ImageObject","inLanguage":"es","@id":"https:\/\/fohcpt.com\/es\/patient-forms\/#local-main-organization-logo","url":"https:\/\/fohcpt.com\/wp-content\/uploads\/2023\/01\/Florida-Occupational-Healthcare.png","contentUrl":"https:\/\/fohcpt.com\/wp-content\/uploads\/2023\/01\/Florida-Occupational-Healthcare.png","width":253,"height":108,"caption":"Miami FOHCPT"}]}},"_links":{"self":[{"href":"https:\/\/fohcpt.com\/es\/wp-json\/wp\/v2\/pages\/2806","targetHints":{"allow":["GET"]}}],"collection":[{"href":"https:\/\/fohcpt.com\/es\/wp-json\/wp\/v2\/pages"}],"about":[{"href":"https:\/\/fohcpt.com\/es\/wp-json\/wp\/v2\/types\/page"}],"author":[{"embeddable":true,"href":"https:\/\/fohcpt.com\/es\/wp-json\/wp\/v2\/users\/2"}],"replies":[{"embeddable":true,"href":"https:\/\/fohcpt.com\/es\/wp-json\/wp\/v2\/comments?post=2806"}],"version-history":[{"count":17,"href":"https:\/\/fohcpt.com\/es\/wp-json\/wp\/v2\/pages\/2806\/revisions"}],"predecessor-version":[{"id":7630,"href":"https:\/\/fohcpt.com\/es\/wp-json\/wp\/v2\/pages\/2806\/revisions\/7630"}],"wp:attachment":[{"href":"https:\/\/fohcpt.com\/es\/wp-json\/wp\/v2\/media?parent=2806"}],"curies":[{"name":"wp","href":"https:\/\/api.w.org\/{rel}","templated":true}]}}