{"id":2949,"date":"2014-06-20T03:28:49","date_gmt":"2014-06-20T07:28:49","guid":{"rendered":"https:\/\/fohcpt.com\/physical-therapy-equipment-miami\/?lang=es"},"modified":"2025-01-16T12:48:31","modified_gmt":"2025-01-16T17:48:31","slug":"physical-therapy-equipment-miami","status":"publish","type":"page","link":"https:\/\/fohcpt.com\/es\/physical-therapy-equipment-miami\/","title":{"rendered":"Equipo"},"content":{"rendered":"<p>[et_pb_section fb_built=\u00bb1&#8243; _builder_version=\u00bb4.18.0&#8243; _module_preset=\u00bbdefault\u00bb background_image=\u00bbhttps:\/\/fohcpt.com\/wp-content\/uploads\/2023\/01\/Physical-Therapy-South-Miami.png\u00bb custom_padding=\u00bb7.5%||7.5%||true|false\u00bb locked=\u00bboff\u00bb global_colors_info=\u00bb{}\u00bb][et_pb_row _builder_version=\u00bb4.18.0&#8243; _module_preset=\u00bbdefault\u00bb custom_padding=\u00bb0px||0px||true|false\u00bb global_colors_info=\u00bb{}\u00bb][et_pb_column type=\u00bb4_4&#8243; _builder_version=\u00bb4.18.0&#8243; _module_preset=\u00bbdefault\u00bb global_colors_info=\u00bb{}\u00bb][et_pb_text _builder_version=\u00bb4.19.5&#8243; _module_preset=\u00bbdefault\u00bb header_font=\u00bbLato|700||on|||||\u00bb header_text_align=\u00bbcenter\u00bb header_text_color=\u00bb#FFFFFF\u00bb header_font_size=\u00bb40px\u00bb header_font_size_tablet=\u00bb\u00bb header_font_size_phone=\u00bb26px\u00bb header_font_size_last_edited=\u00bbon|phone\u00bb global_colors_info=\u00bb{}\u00bb]<\/p>\n<h1>Equipos de Fisioterapia<\/h1>\n<p>[\/et_pb_text][\/et_pb_column][\/et_pb_row][\/et_pb_section][et_pb_section fb_built=\u00bb1&#8243; custom_padding_last_edited=\u00bbon|tablet\u00bb admin_label=\u00bbsection\u00bb _builder_version=\u00bb4.18.0&#8243; custom_padding=\u00bb100px|20px|100px|20px|true|true\u00bb custom_padding_tablet=\u00bb50px|20px|50px|20px|true|true\u00bb custom_padding_phone=\u00bb50px|20px|50px|20px|true|true\u00bb global_colors_info=\u00bb{}\u00bb][et_pb_row _builder_version=\u00bb4.18.0&#8243; _module_preset=\u00bbdefault\u00bb width=\u00bb100%\u00bb custom_padding=\u00bb0px||||false|false\u00bb global_colors_info=\u00bb{}\u00bb][et_pb_column type=\u00bb4_4&#8243; _builder_version=\u00bb4.18.0&#8243; _module_preset=\u00bbdefault\u00bb global_colors_info=\u00bb{}\u00bb][et_pb_text _builder_version=\u00bb4.19.5&#8243; _module_preset=\u00bbdefault\u00bb header_2_font=\u00bb|700|||||||\u00bb header_2_text_align=\u00bbcenter\u00bb header_2_font_size=\u00bb30px\u00bb header_2_font_size_tablet=\u00bb30px\u00bb header_2_font_size_phone=\u00bb22px\u00bb header_2_font_size_last_edited=\u00bbon|phone\u00bb global_colors_info=\u00bb{}\u00bb]<\/p>\n<h2>Ambas instalaciones cuentan con los mejores equipos de gimnasia y terapia f\u00edsica para que se recupere en un abrir y cerrar de ojos.<\/h2>\n<p>[\/et_pb_text][\/et_pb_column][\/et_pb_row][et_pb_row column_structure=\u00bb1_2,1_2&#8243; admin_label=\u00bbfila\u00bb _builder_version=\u00bb4.19.5&#8243; background_size=\u00bbinitial\u00bb background_position=\u00bbtop_left\u00bb background_repeat=\u00bbrepeat\u00bb width=\u00bb100%\u00bb max_width=\u00bb985px\u00bb global_colors_info=\u00bb{}\u00bb][et_pb_column type=\u00bb1_2&#8243; _builder_version=\u00bb4.16&#8243; custom_padding=\u00bb|||\u00bb global_colors_info=\u00bb{}\u00bb custom_padding__hover=\u00bb|||\u00bb][et_pb_text admin_label=\u00bbText\u00bb _builder_version=\u00bb4.18.0&#8243; background_size=\u00bbinitial\u00bb background_position=\u00bbtop_left\u00bb background_repeat=\u00bbrepeat\u00bb global_colors_info=\u00bb{}\u00bb]<\/p>\n<ul class=\"qeuipment-florida\">\n<li>M\u00e1quina de sentadillas Cybex Commercial Plate Loaded Smith Squat Machine<\/li>\n<li>M\u00e1quina de rotaci\u00f3n del torso Cybex<\/li>\n<li>M\u00e1quina multidireccional de caderas Cybex<\/li>\n<li>M\u00e1quina de flexi\u00f3n de piernas en dec\u00fabito prono Cybex<\/li>\n<li>M\u00e1quina Multi Cuello Cybex<\/li>\n<li>Elevador Doble Lat Pull down\/M\u00e1quina de media fila<\/li>\n<\/ul>\n<p>[\/et_pb_text][\/et_pb_column][et_pb_column type=\u00bb1_2&#8243; _builder_version=\u00bb4.16&#8243; custom_padding=\u00bb|||\u00bb global_colors_info=\u00bb{}\u00bb custom_padding__hover=\u00bb|||\u00bb][et_pb_text admin_label=\u00bbText\u00bb _builder_version=\u00bb4.18.0&#8243; background_size=\u00bbinitial\u00bb background_position=\u00bbtop_left\u00bb background_repeat=\u00bbrepeat\u00bb global_colors_info=\u00bb{}\u00bb]<\/p>\n<ul class=\"qeuipment-florida\">\n<li>M\u00e1quina de flexi\u00f3n de isquiotibiales\/extensi\u00f3n de piernas Hoist Dual<\/li>\n<li>Prensa de pierna inclinada Body Solid<\/li>\n<li>Bicicletas est\u00e1ticas Life Fitness<\/li>\n<li>Hidroculadores Chattanooga<\/li>\n<li>M\u00e1quina de hielo Scotsman Prodigy<\/li>\n<\/ul>\n<p>[\/et_pb_text][\/et_pb_column][\/et_pb_row][et_pb_row _builder_version=\u00bb4.18.0&#8243; _module_preset=\u00bbdefault\u00bb width=\u00bb100%\u00bb global_colors_info=\u00bb{}\u00bb][et_pb_column type=\u00bb4_4&#8243; _builder_version=\u00bb4.18.0&#8243; _module_preset=\u00bbdefault\u00bb global_colors_info=\u00bb{}\u00bb][et_pb_text _builder_version=\u00bb4.18.0&#8243; _module_preset=\u00bbdefault\u00bb header_2_font=\u00bb|700|||||||\u00bb header_2_text_align=\u00bbcenter\u00bb header_2_font_size=\u00bb30px\u00bb header_2_font_size_tablet=\u00bb30px\u00bb header_2_font_size_phone=\u00bb22px\u00bb header_2_font_size_last_edited=\u00bbon|phone\u00bb global_colors_info=\u00bb{}\u00bb]<\/p>\n<h2>Miami Sunset<\/h2>\n<p>[\/et_pb_text][\/et_pb_column][\/et_pb_row][et_pb_row _builder_version=\u00bb4.18.0&#8243; _module_preset=\u00bbdefault\u00bb width=\u00bb100%\u00bb custom_padding=\u00bb0px||20px||false|false\u00bb global_colors_info=\u00bb{}\u00bb][et_pb_column type=\u00bb4_4&#8243; _builder_version=\u00bb4.18.0&#8243; _module_preset=\u00bbdefault\u00bb global_colors_info=\u00bb{}\u00bb][et_pb_image src=\u00bbhttps:\/\/fohcpt.com\/wp-content\/uploads\/2023\/01\/Physical-Therapy-South-Miami-1.jpeg\u00bb alt=\u00bbFisioterapia South Miami\u00bb title_text=\u00bbFisioterapia South Miami\u00bb _builder_version=\u00bb4.18.0&#8243; _module_preset=\u00bbdefault\u00bb box_shadow_style=\u00bbpreset1&#8243; box_shadow_vertical=\u00bb1px\u00bb box_shadow_blur=\u00bb6px\u00bb box_shadow_spread=\u00bb1px\u00bb global_colors_info=\u00bb{}\u00bb][\/et_pb_image][\/et_pb_column][\/et_pb_row][et_pb_row column_structure=\u00bb1_2,1_2&#8243; module_class=\u00bbimg-2&#8243; _builder_version=\u00bb4.18.0&#8243; _module_preset=\u00bbdefault\u00bb width=\u00bb100%\u00bb custom_padding=\u00bb0px||0px||false|false\u00bb global_colors_info=\u00bb{}\u00bb][et_pb_column type=\u00bb1_2&#8243; _builder_version=\u00bb4.18.0&#8243; _module_preset=\u00bbdefault\u00bb global_colors_info=\u00bb{}\u00bb][et_pb_image src=\u00bbhttps:\/\/fohcpt.com\/wp-content\/uploads\/2023\/01\/Physical-Therapy-South-Miami-2.jpeg\u00bb alt=\u00bbFisioterapia South Miami\u00bb title_text=\u00bbFisioterapia South Miami 2&#8243; _builder_version=\u00bb4.18.0&#8243; _module_preset=\u00bbdefault\u00bb box_shadow_style=\u00bbpreset1&#8243; box_shadow_vertical=\u00bb1px\u00bb box_shadow_blur=\u00bb6px\u00bb box_shadow_spread=\u00bb1px\u00bb global_colors_info=\u00bb{}\u00bb][\/et_pb_image][\/et_pb_column][et_pb_column type=\u00bb1_2&#8243; _builder_version=\u00bb4.18.0&#8243; _module_preset=\u00bbdefault\u00bb global_colors_info=\u00bb{}\u00bb][et_pb_image src=\u00bbhttps:\/\/fohcpt.com\/wp-content\/uploads\/2023\/01\/Physical-Therapy-South-Miami-3.jpeg\u00bb alt=\u00bbFisioterapia South Miami\u00bb title_text=\u00bbFisioterapia South Miami 3&#8243; _builder_version=\u00bb4.18.0&#8243; _module_preset=\u00bbdefault\u00bb box_shadow_style=\u00bbpreset1&#8243; box_shadow_vertical=\u00bb1px\u00bb box_shadow_blur=\u00bb6px\u00bb box_shadow_spread=\u00bb1px\u00bb global_colors_info=\u00bb{}\u00bb][\/et_pb_image][\/et_pb_column][\/et_pb_row][et_pb_row column_structure=\u00bb1_3,1_3,1_3&#8243; module_class=\u00bbimg-3&#8243; _builder_version=\u00bb4.18.0&#8243; _module_preset=\u00bbdefault\u00bb width=\u00bb100%\u00bb custom_padding=\u00bb20px||0px||false|false\u00bb global_colors_info=\u00bb{}\u00bb][et_pb_column type=\u00bb1_3&#8243; _builder_version=\u00bb4.18.0&#8243; _module_preset=\u00bbdefault\u00bb global_colors_info=\u00bb{}\u00bb][et_pb_image src=\u00bbhttps:\/\/fohcpt.com\/wp-content\/uploads\/2025\/01\/Physical-Therapy-South-Miami.jpg\u00bb alt=\u00bbFisioterapia South Miami\u00bb title_text=\u00bbFisioterapia South Miami\u00bb _builder_version=\u00bb4.27.4&#8243; _module_preset=\u00bbdefault\u00bb hover_enabled=\u00bb0&#8243; box_shadow_style=\u00bbpreset1&#8243; box_shadow_vertical=\u00bb1px\u00bb box_shadow_blur=\u00bb6px\u00bb box_shadow_spread=\u00bb1px\u00bb global_colors_info=\u00bb{}\u00bb sticky_enabled=\u00bb0&#8243;][\/et_pb_image][\/et_pb_column][et_pb_column type=\u00bb1_3&#8243; _builder_version=\u00bb4.18.0&#8243; _module_preset=\u00bbdefault\u00bb global_colors_info=\u00bb{}\u00bb][et_pb_image src=\u00bbhttps:\/\/fohcpt.com\/wp-content\/uploads\/2023\/01\/Physical-Therapy-South-Miami-5.jpeg\u00bb alt=\u00bbFisioterapia South Miami\u00bb title_text=\u00bbFisioterapia South Miami 5&#8243; _builder_version=\u00bb4.18.0&#8243; _module_preset=\u00bbdefault\u00bb box_shadow_style=\u00bbpreset1&#8243; box_shadow_vertical=\u00bb1px\u00bb box_shadow_blur=\u00bb6px\u00bb box_shadow_spread=\u00bb1px\u00bb global_colors_info=\u00bb{}\u00bb][\/et_pb_image][\/et_pb_column][et_pb_column type=\u00bb1_3&#8243; _builder_version=\u00bb4.18.0&#8243; _module_preset=\u00bbdefault\u00bb global_colors_info=\u00bb{}\u00bb][et_pb_image src=\u00bbhttps:\/\/fohcpt.com\/wp-content\/uploads\/2023\/01\/Physical-Therapy-South-Miami-6.jpeg\u00bb alt=\u00bbFisioterapia South Miami\u00bb title_text=\u00bbFisioterapia South Miami 6&#8243; _builder_version=\u00bb4.18.0&#8243; _module_preset=\u00bbdefault\u00bb box_shadow_style=\u00bbpreset1&#8243; box_shadow_vertical=\u00bb1px\u00bb box_shadow_blur=\u00bb6px\u00bb box_shadow_spread=\u00bb1px\u00bb global_colors_info=\u00bb{}\u00bb][\/et_pb_image][\/et_pb_column][\/et_pb_row][\/et_pb_section][et_pb_section fb_built=\u00bb1&#8243; _builder_version=\u00bb4.18.0&#8243; _module_preset=\u00bbdefault\u00bb background_image=\u00bbhttps:\/\/fohcpt.com\/wp-content\/uploads\/2023\/01\/no-matter-bg.jpg\u00bb custom_padding=\u00bb120px||120px||true|false\u00bb global_module=\u00bb6435&#8243; saved_tabs=\u00bball\u00bb locked=\u00bboff\u00bb global_colors_info=\u00bb{}\u00bb][et_pb_row _builder_version=\u00bb4.18.0&#8243; _module_preset=\u00bbdefault\u00bb custom_padding=\u00bb0px||0px||true|false\u00bb global_colors_info=\u00bb{}\u00bb][et_pb_column type=\u00bb4_4&#8243; _builder_version=\u00bb4.18.0&#8243; _module_preset=\u00bbdefault\u00bb global_colors_info=\u00bb{}\u00bb][et_pb_text _builder_version=\u00bb4.19.5&#8243; _module_preset=\u00bbdefault\u00bb header_2_font=\u00bbLato|700||on|||||\u00bb header_2_text_align=\u00bbcenter\u00bb header_2_text_color=\u00bb#FFFFFF\u00bb header_2_font_size=\u00bb30px\u00bb header_2_line_height=\u00bb1.4em\u00bb header_3_font=\u00bb|700|||||||\u00bb header_3_text_align=\u00bbcenter\u00bb header_3_text_color=\u00bb#FFFFFF\u00bb header_3_font_size=\u00bb30px\u00bb custom_margin=\u00bb||10px||false|false\u00bb header_2_font_size_tablet=\u00bb\u00bb header_2_font_size_phone=\u00bb22px\u00bb header_2_font_size_last_edited=\u00bbon|phone\u00bb global_colors_info=\u00bb{}\u00bb]<\/p>\n<h3>No importa si tu dolencia fue causada por un deporte,<br \/>accidente laboral o de otro tipo, nos alegramos de tener la oportunidad de servirte<\/h3>\n<p>[\/et_pb_text][et_pb_button button_url=\u00bb@ET-DC@eyJkeW5hbWljIjp0cnVlLCJjb250ZW50IjoicG9zdF9saW5rX3VybF9wYWdlIiwic2V0dGluZ3MiOnsicG9zdF9pZCI6IjEyMDYiLCJlbmFibGVfaHRtbCI6Im9mZiJ9fQ==@\u00bb button_text=\u00bbSolicite una Cita\u00bb button_alignment=\u00bbcenter\u00bb _builder_version=\u00bb4.19.5&#8243; _dynamic_attributes=\u00bbbutton_url\u00bb _module_preset=\u00bbdefault\u00bb custom_button=\u00bbon\u00bb button_text_size=\u00bb22px\u00bb button_text_color=\u00bb#FFFFFF\u00bb button_border_width=\u00bb2px\u00bb button_border_color=\u00bb#FFFFFF\u00bb button_border_radius=\u00bb0px\u00bb button_font=\u00bbLato|||on|||||\u00bb button_use_icon=\u00bboff\u00bb custom_padding=\u00bb4px|15px|4px|15px|true|true\u00bb button_text_size_tablet=\u00bb\u00bb button_text_size_phone=\u00bb18px\u00bb button_text_size_last_edited=\u00bbon|phone\u00bb global_colors_info=\u00bb{}\u00bb][\/et_pb_button][\/et_pb_column][\/et_pb_row][\/et_pb_section]<\/p>\n","protected":false},"excerpt":{"rendered":"<p>Equipos de FisioterapiaAmbas instalaciones cuentan con los mejores equipos de gimnasia y terapia f\u00edsica para que se recupere en un abrir y cerrar de ojos. M\u00e1quina de sentadillas Cybex Commercial Plate Loaded Smith Squat Machine M\u00e1quina de rotaci\u00f3n del torso Cybex M\u00e1quina multidireccional de caderas Cybex M\u00e1quina de flexi\u00f3n de piernas en dec\u00fabito prono Cybex [&hellip;]<\/p>\n","protected":false},"author":2,"featured_media":0,"parent":0,"menu_order":51,"comment_status":"open","ping_status":"open","template":"","meta":{"_acf_changed":false,"_et_pb_use_builder":"on","_et_pb_old_content":"","_et_gb_content_width":"","footnotes":""},"class_list":["post-2949","page","type-page","status-publish","hentry"],"acf":[],"yoast_head":"<!-- This site is optimized with the Yoast SEO Premium plugin v27.4 (Yoast SEO v27.4) - https:\/\/yoast.com\/product\/yoast-seo-premium-wordpress\/ -->\n<title>Equipo de Fisioterapia | Rehabilitation Sunset South Miami<\/title>\n<meta name=\"description\" content=\"FOHCPT tiene el mejor equipo de terapia f\u00edsica en el sur de Miami y el \u00e1rea de The Falls, tenemos m\u00e1s de 25 a\u00f1os de experiencia.\" \/>\n<meta name=\"robots\" content=\"index, follow, max-snippet:-1, max-image-preview:large, max-video-preview:-1\" \/>\n<link rel=\"canonical\" href=\"https:\/\/fohcpt.com\/es\/physical-therapy-equipment-miami\/\" \/>\n<meta property=\"og:locale\" content=\"es_ES\" \/>\n<meta property=\"og:type\" content=\"article\" \/>\n<meta property=\"og:title\" content=\"Equipo de Terapia F\u00edsica | South Miami Sunset\" \/>\n<meta property=\"og:description\" content=\"FOHCPT tiene el mejor equipo de terapia f\u00edsica en el sur de Miami y el \u00e1rea de The Falls, tenemos m\u00e1s de 25 a\u00f1os de experiencia.\" \/>\n<meta property=\"og:url\" content=\"https:\/\/fohcpt.com\/es\/physical-therapy-equipment-miami\/\" \/>\n<meta property=\"og:site_name\" content=\"Miami FOHCPT\" \/>\n<meta property=\"article:publisher\" content=\"https:\/\/www.facebook.com\/PhysicalTherapyMiami\" \/>\n<meta property=\"article:modified_time\" content=\"2025-01-16T17:48:31+00:00\" \/>\n<meta property=\"og:image\" content=\"https:\/\/fohcpt.com\/wp-content\/uploads\/2023\/01\/Yoast-Social-Media.png\" \/>\n\t<meta property=\"og:image:width\" content=\"960\" \/>\n\t<meta property=\"og:image:height\" content=\"500\" \/>\n\t<meta property=\"og:image:type\" content=\"image\/png\" \/>\n<meta name=\"twitter:card\" content=\"summary_large_image\" \/>\n<meta name=\"twitter:title\" content=\"Equipo de Terapia F\u00edsica | South Miami Sunset\" \/>\n<meta name=\"twitter:label1\" content=\"Tiempo de lectura\" \/>\n\t<meta name=\"twitter:data1\" content=\"6 minutos\" \/>\n<script type=\"application\/ld+json\" class=\"yoast-schema-graph\">{\"@context\":\"https:\\\/\\\/schema.org\",\"@graph\":[{\"@type\":\"WebPage\",\"@id\":\"https:\\\/\\\/fohcpt.com\\\/es\\\/physical-therapy-equipment-miami\\\/\",\"url\":\"https:\\\/\\\/fohcpt.com\\\/es\\\/physical-therapy-equipment-miami\\\/\",\"name\":\"Equipo de Fisioterapia | Rehabilitation Sunset South Miami\",\"isPartOf\":{\"@id\":\"https:\\\/\\\/fohcpt.com\\\/es\\\/#website\"},\"datePublished\":\"2014-06-20T07:28:49+00:00\",\"dateModified\":\"2025-01-16T17:48:31+00:00\",\"description\":\"FOHCPT tiene el mejor equipo de terapia f\u00edsica en el sur de Miami y el \u00e1rea de The Falls, tenemos m\u00e1s de 25 a\u00f1os de experiencia.\",\"breadcrumb\":{\"@id\":\"https:\\\/\\\/fohcpt.com\\\/es\\\/physical-therapy-equipment-miami\\\/#breadcrumb\"},\"inLanguage\":\"es\",\"potentialAction\":[{\"@type\":\"ReadAction\",\"target\":[\"https:\\\/\\\/fohcpt.com\\\/es\\\/physical-therapy-equipment-miami\\\/\"]}]},{\"@type\":\"BreadcrumbList\",\"@id\":\"https:\\\/\\\/fohcpt.com\\\/es\\\/physical-therapy-equipment-miami\\\/#breadcrumb\",\"itemListElement\":[{\"@type\":\"ListItem\",\"position\":1,\"name\":\"Home\",\"item\":\"https:\\\/\\\/fohcpt.com\\\/es\\\/home-2-2\\\/\"},{\"@type\":\"ListItem\",\"position\":2,\"name\":\"Equipo\"}]},{\"@type\":\"WebSite\",\"@id\":\"https:\\\/\\\/fohcpt.com\\\/es\\\/#website\",\"url\":\"https:\\\/\\\/fohcpt.com\\\/es\\\/\",\"name\":\"Miami FOHCPT\",\"description\":\"Florida Occupational Healthcare Physical Therapy Miami\",\"publisher\":{\"@id\":\"https:\\\/\\\/fohcpt.com\\\/es\\\/#organization\"},\"alternateName\":\"Physical Therapy Miami\",\"potentialAction\":[{\"@type\":\"SearchAction\",\"target\":{\"@type\":\"EntryPoint\",\"urlTemplate\":\"https:\\\/\\\/fohcpt.com\\\/es\\\/?s={search_term_string}\"},\"query-input\":{\"@type\":\"PropertyValueSpecification\",\"valueRequired\":true,\"valueName\":\"search_term_string\"}}],\"inLanguage\":\"es\"},{\"@type\":[\"Organization\",\"Place\"],\"@id\":\"https:\\\/\\\/fohcpt.com\\\/es\\\/#organization\",\"name\":\"Miami FOHCPT\",\"url\":\"https:\\\/\\\/fohcpt.com\\\/es\\\/\",\"logo\":{\"@id\":\"https:\\\/\\\/fohcpt.com\\\/es\\\/physical-therapy-equipment-miami\\\/#local-main-organization-logo\"},\"image\":{\"@id\":\"https:\\\/\\\/fohcpt.com\\\/es\\\/physical-therapy-equipment-miami\\\/#local-main-organization-logo\"},\"sameAs\":[\"https:\\\/\\\/www.facebook.com\\\/PhysicalTherapyMiami\",\"https:\\\/\\\/www.youtube.com\\\/channel\\\/UCz69b4cBcwygKvB9Cj1NQIw?reload=9\",\"https:\\\/\\\/www.linkedin.com\\\/company\\\/florida-occupational-healthcare\\\/about\\\/\",\"https:\\\/\\\/www.instagram.com\\\/fohcpt\\\/\"],\"telephone\":[],\"openingHoursSpecification\":[{\"@type\":\"OpeningHoursSpecification\",\"dayOfWeek\":[\"Monday\",\"Tuesday\",\"Wednesday\",\"Thursday\",\"Friday\",\"Saturday\",\"Sunday\"],\"opens\":\"09:00\",\"closes\":\"17:00\"}]},{\"@type\":\"ImageObject\",\"inLanguage\":\"es\",\"@id\":\"https:\\\/\\\/fohcpt.com\\\/es\\\/physical-therapy-equipment-miami\\\/#local-main-organization-logo\",\"url\":\"https:\\\/\\\/fohcpt.com\\\/wp-content\\\/uploads\\\/2023\\\/01\\\/Florida-Occupational-Healthcare.png\",\"contentUrl\":\"https:\\\/\\\/fohcpt.com\\\/wp-content\\\/uploads\\\/2023\\\/01\\\/Florida-Occupational-Healthcare.png\",\"width\":253,\"height\":108,\"caption\":\"Miami FOHCPT\"}]}<\/script>\n<!-- \/ Yoast SEO Premium plugin. -->","yoast_head_json":{"title":"Equipo de Fisioterapia | Rehabilitation Sunset South Miami","description":"FOHCPT tiene el mejor equipo de terapia f\u00edsica en el sur de Miami y el \u00e1rea de The Falls, tenemos m\u00e1s de 25 a\u00f1os de experiencia.","robots":{"index":"index","follow":"follow","max-snippet":"max-snippet:-1","max-image-preview":"max-image-preview:large","max-video-preview":"max-video-preview:-1"},"canonical":"https:\/\/fohcpt.com\/es\/physical-therapy-equipment-miami\/","og_locale":"es_ES","og_type":"article","og_title":"Equipo de Terapia F\u00edsica | South Miami Sunset","og_description":"FOHCPT tiene el mejor equipo de terapia f\u00edsica en el sur de Miami y el \u00e1rea de The Falls, tenemos m\u00e1s de 25 a\u00f1os de experiencia.","og_url":"https:\/\/fohcpt.com\/es\/physical-therapy-equipment-miami\/","og_site_name":"Miami FOHCPT","article_publisher":"https:\/\/www.facebook.com\/PhysicalTherapyMiami","article_modified_time":"2025-01-16T17:48:31+00:00","og_image":[{"width":960,"height":500,"url":"https:\/\/fohcpt.com\/wp-content\/uploads\/2023\/01\/Yoast-Social-Media.png","type":"image\/png"}],"twitter_card":"summary_large_image","twitter_title":"Equipo de Terapia F\u00edsica | South Miami Sunset","twitter_misc":{"Tiempo de lectura":"6 minutos"},"schema":{"@context":"https:\/\/schema.org","@graph":[{"@type":"WebPage","@id":"https:\/\/fohcpt.com\/es\/physical-therapy-equipment-miami\/","url":"https:\/\/fohcpt.com\/es\/physical-therapy-equipment-miami\/","name":"Equipo de Fisioterapia | Rehabilitation Sunset South Miami","isPartOf":{"@id":"https:\/\/fohcpt.com\/es\/#website"},"datePublished":"2014-06-20T07:28:49+00:00","dateModified":"2025-01-16T17:48:31+00:00","description":"FOHCPT tiene el mejor equipo de terapia f\u00edsica en el sur de Miami y el \u00e1rea de The Falls, tenemos m\u00e1s de 25 a\u00f1os de experiencia.","breadcrumb":{"@id":"https:\/\/fohcpt.com\/es\/physical-therapy-equipment-miami\/#breadcrumb"},"inLanguage":"es","potentialAction":[{"@type":"ReadAction","target":["https:\/\/fohcpt.com\/es\/physical-therapy-equipment-miami\/"]}]},{"@type":"BreadcrumbList","@id":"https:\/\/fohcpt.com\/es\/physical-therapy-equipment-miami\/#breadcrumb","itemListElement":[{"@type":"ListItem","position":1,"name":"Home","item":"https:\/\/fohcpt.com\/es\/home-2-2\/"},{"@type":"ListItem","position":2,"name":"Equipo"}]},{"@type":"WebSite","@id":"https:\/\/fohcpt.com\/es\/#website","url":"https:\/\/fohcpt.com\/es\/","name":"Miami FOHCPT","description":"Florida Occupational Healthcare Physical Therapy Miami","publisher":{"@id":"https:\/\/fohcpt.com\/es\/#organization"},"alternateName":"Physical Therapy Miami","potentialAction":[{"@type":"SearchAction","target":{"@type":"EntryPoint","urlTemplate":"https:\/\/fohcpt.com\/es\/?s={search_term_string}"},"query-input":{"@type":"PropertyValueSpecification","valueRequired":true,"valueName":"search_term_string"}}],"inLanguage":"es"},{"@type":["Organization","Place"],"@id":"https:\/\/fohcpt.com\/es\/#organization","name":"Miami FOHCPT","url":"https:\/\/fohcpt.com\/es\/","logo":{"@id":"https:\/\/fohcpt.com\/es\/physical-therapy-equipment-miami\/#local-main-organization-logo"},"image":{"@id":"https:\/\/fohcpt.com\/es\/physical-therapy-equipment-miami\/#local-main-organization-logo"},"sameAs":["https:\/\/www.facebook.com\/PhysicalTherapyMiami","https:\/\/www.youtube.com\/channel\/UCz69b4cBcwygKvB9Cj1NQIw?reload=9","https:\/\/www.linkedin.com\/company\/florida-occupational-healthcare\/about\/","https:\/\/www.instagram.com\/fohcpt\/"],"telephone":[],"openingHoursSpecification":[{"@type":"OpeningHoursSpecification","dayOfWeek":["Monday","Tuesday","Wednesday","Thursday","Friday","Saturday","Sunday"],"opens":"09:00","closes":"17:00"}]},{"@type":"ImageObject","inLanguage":"es","@id":"https:\/\/fohcpt.com\/es\/physical-therapy-equipment-miami\/#local-main-organization-logo","url":"https:\/\/fohcpt.com\/wp-content\/uploads\/2023\/01\/Florida-Occupational-Healthcare.png","contentUrl":"https:\/\/fohcpt.com\/wp-content\/uploads\/2023\/01\/Florida-Occupational-Healthcare.png","width":253,"height":108,"caption":"Miami FOHCPT"}]}},"_links":{"self":[{"href":"https:\/\/fohcpt.com\/es\/wp-json\/wp\/v2\/pages\/2949","targetHints":{"allow":["GET"]}}],"collection":[{"href":"https:\/\/fohcpt.com\/es\/wp-json\/wp\/v2\/pages"}],"about":[{"href":"https:\/\/fohcpt.com\/es\/wp-json\/wp\/v2\/types\/page"}],"author":[{"embeddable":true,"href":"https:\/\/fohcpt.com\/es\/wp-json\/wp\/v2\/users\/2"}],"replies":[{"embeddable":true,"href":"https:\/\/fohcpt.com\/es\/wp-json\/wp\/v2\/comments?post=2949"}],"version-history":[{"count":25,"href":"https:\/\/fohcpt.com\/es\/wp-json\/wp\/v2\/pages\/2949\/revisions"}],"predecessor-version":[{"id":16008,"href":"https:\/\/fohcpt.com\/es\/wp-json\/wp\/v2\/pages\/2949\/revisions\/16008"}],"wp:attachment":[{"href":"https:\/\/fohcpt.com\/es\/wp-json\/wp\/v2\/media?parent=2949"}],"curies":[{"name":"wp","href":"https:\/\/api.w.org\/{rel}","templated":true}]}}