{"id":2983,"date":"2014-06-18T07:04:18","date_gmt":"2014-06-18T11:04:18","guid":{"rendered":"https:\/\/fohcpt.com\/common-conditions-and-diagnosis\/?lang=es"},"modified":"2025-11-07T14:26:13","modified_gmt":"2025-11-07T19:26:13","slug":"common-conditions-and-diagnosis","status":"publish","type":"page","link":"https:\/\/fohcpt.com\/es\/common-conditions-and-diagnosis\/","title":{"rendered":"Afecciones Comunes y Diagn\u00f3stico"},"content":{"rendered":"<p>[et_pb_section fb_built=\u00bb1&#8243; _builder_version=\u00bb4.18.0&#8243; _module_preset=\u00bbdefault\u00bb background_image=\u00bbhttps:\/\/fohcpt.com\/wp-content\/uploads\/2023\/01\/Physical-Therapy-South-Miami.png\u00bb custom_padding=\u00bb7.5%||7.5%||true|false\u00bb locked=\u00bboff\u00bb global_colors_info=\u00bb{}\u00bb][et_pb_row _builder_version=\u00bb4.18.0&#8243; _module_preset=\u00bbdefault\u00bb custom_padding=\u00bb0px||0px||true|false\u00bb global_colors_info=\u00bb{}\u00bb][et_pb_column type=\u00bb4_4&#8243; _builder_version=\u00bb4.18.0&#8243; _module_preset=\u00bbdefault\u00bb global_colors_info=\u00bb{}\u00bb][et_pb_text _builder_version=\u00bb4.18.0&#8243; _module_preset=\u00bbdefault\u00bb header_font=\u00bbLato|700||on|||||\u00bb header_text_align=\u00bbcenter\u00bb header_text_color=\u00bb#FFFFFF\u00bb header_font_size=\u00bb40px\u00bb header_font_size_tablet=\u00bb\u00bb header_font_size_phone=\u00bb26px\u00bb header_font_size_last_edited=\u00bbon|phone\u00bb global_colors_info=\u00bb{}\u00bb]<\/p>\n<h1>Afecciones Comunes y Diagn\u00f3stico<\/h1>\n<p>[\/et_pb_text][\/et_pb_column][\/et_pb_row][\/et_pb_section][et_pb_section fb_built=\u00bb1&#8243; _builder_version=\u00bb4.18.0&#8243; _module_preset=\u00bbdefault\u00bb custom_padding=\u00bb|20px||20px|false|true\u00bb global_colors_info=\u00bb{}\u00bb][et_pb_row _builder_version=\u00bb4.18.0&#8243; _module_preset=\u00bbdefault\u00bb width=\u00bb100%\u00bb global_colors_info=\u00bb{}\u00bb][et_pb_column type=\u00bb4_4&#8243; _builder_version=\u00bb4.18.0&#8243; _module_preset=\u00bbdefault\u00bb global_colors_info=\u00bb{}\u00bb][et_pb_code _builder_version=\u00bb4.18.0&#8243; _module_preset=\u00bbdefault\u00bb global_colors_info=\u00bb{}\u00bb]<div class=\"fochcpt-diagnosis-container\">\n        <div class=\"fochcpt-diagnosis-alpha-series\">\n\t\t\t<ul>\n\t\t\t\t<li class=\"fochcpt-diagnosis-alpha alphabet-A\" data-filter=\"A\">A<\/li>\n\t\t\t\t<li class=\"fochcpt-diagnosis-alpha alphabet-B\" data-filter=\"B\">B<\/li>\n\t\t\t\t<li class=\"fochcpt-diagnosis-alpha alphabet-C\" data-filter=\"C\">C<\/li>\n\t\t\t\t<li class=\"fochcpt-diagnosis-alpha alphabet-D\" data-filter=\"D\">D<\/li>\n\t\t\t\t<li class=\"fochcpt-diagnosis-alpha alphabet-E\" data-filter=\"E\">E<\/li>\n\t\t\t\t<li class=\"fochcpt-diagnosis-alpha alphabet-F\" data-filter=\"F\">F<\/li>\n\t\t\t\t<li class=\"fochcpt-diagnosis-alpha alphabet-G\" data-filter=\"G\">G<\/li>\n\t\t\t\t<li class=\"fochcpt-diagnosis-alpha alphabet-H\" data-filter=\"H\">H<\/li>\n\t\t\t\t<li class=\"fochcpt-diagnosis-alpha alphabet-I\" data-filter=\"I\">I<\/li>\n\t\t\t\t<li class=\"fochcpt-diagnosis-alpha alphabet-J\" data-filter=\"J\">J<\/li>\n\t\t\t\t<li class=\"fochcpt-diagnosis-alpha alphabet-K\" data-filter=\"K\">K<\/li>\n\t\t\t\t<li class=\"fochcpt-diagnosis-alpha alphabet-L\" data-filter=\"L\">L<\/li>\n\t\t\t\t<li class=\"fochcpt-diagnosis-alpha alphabet-M\" data-filter=\"M\">M<\/li>\n\t\t\t\t<li class=\"fochcpt-diagnosis-alpha alphabet-N\" data-filter=\"N\">N<\/li>\n\t\t\t\t<li class=\"fochcpt-diagnosis-alpha alphabet-O\" data-filter=\"O\">O<\/li>\n\t\t\t\t<li class=\"fochcpt-diagnosis-alpha alphabet-P\" data-filter=\"P\">P<\/li>\n\t\t\t\t<li class=\"fochcpt-diagnosis-alpha alphabet-Q\" data-filter=\"Q\">Q<\/li>\n\t\t\t\t<li class=\"fochcpt-diagnosis-alpha alphabet-R\" data-filter=\"R\">R<\/li>\n\t\t\t\t<li class=\"fochcpt-diagnosis-alpha alphabet-S\" data-filter=\"S\">S<\/li>\n\t\t\t\t<li class=\"fochcpt-diagnosis-alpha alphabet-T\" data-filter=\"T\">T<\/li>\n\t\t\t\t<li class=\"fochcpt-diagnosis-alpha alphabet-U\" data-filter=\"U\">U<\/li>\n\t\t\t\t<li class=\"fochcpt-diagnosis-alpha alphabet-V\" data-filter=\"V\">V<\/li>\n\t\t\t\t<li class=\"fochcpt-diagnosis-alpha alphabet-W\" data-filter=\"W\">W<\/li>\n\t\t\t\t<li class=\"fochcpt-diagnosis-alpha alphabet-X\" data-filter=\"X\">X<\/li>\n\t\t\t\t<li class=\"fochcpt-diagnosis-alpha alphabet-Y\" data-filter=\"Y\">Y<\/li>\n\t\t\t\t<li class=\"fochcpt-diagnosis-alpha alphabet-Z\" data-filter=\"Z\">Z<\/li>\n\t\t\t<\/ul>\n        <\/div>\n\t\t\t <div class=\"fohcpt-diagnosis-container\">\n\t\t \t\t<\/div>\n\t<\/div> \n[\/et_pb_code][\/et_pb_column][\/et_pb_row][\/et_pb_section]<\/p>\n","protected":false},"excerpt":{"rendered":"<p>Afecciones Comunes y Diagn\u00f3stico<div class=\"fochcpt-diagnosis-container\">\n        <div class=\"fochcpt-diagnosis-alpha-series\">\n\t\t\t<ul>\n\t\t\t\t<li class=\"fochcpt-diagnosis-alpha alphabet-A\" data-filter=\"A\">A<\/li>\n\t\t\t\t<li class=\"fochcpt-diagnosis-alpha alphabet-B\" data-filter=\"B\">B<\/li>\n\t\t\t\t<li class=\"fochcpt-diagnosis-alpha alphabet-C\" data-filter=\"C\">C<\/li>\n\t\t\t\t<li class=\"fochcpt-diagnosis-alpha alphabet-D\" data-filter=\"D\">D<\/li>\n\t\t\t\t<li class=\"fochcpt-diagnosis-alpha alphabet-E\" data-filter=\"E\">E<\/li>\n\t\t\t\t<li class=\"fochcpt-diagnosis-alpha alphabet-F\" data-filter=\"F\">F<\/li>\n\t\t\t\t<li class=\"fochcpt-diagnosis-alpha alphabet-G\" data-filter=\"G\">G<\/li>\n\t\t\t\t<li class=\"fochcpt-diagnosis-alpha alphabet-H\" data-filter=\"H\">H<\/li>\n\t\t\t\t<li class=\"fochcpt-diagnosis-alpha alphabet-I\" data-filter=\"I\">I<\/li>\n\t\t\t\t<li class=\"fochcpt-diagnosis-alpha alphabet-J\" data-filter=\"J\">J<\/li>\n\t\t\t\t<li class=\"fochcpt-diagnosis-alpha alphabet-K\" data-filter=\"K\">K<\/li>\n\t\t\t\t<li class=\"fochcpt-diagnosis-alpha alphabet-L\" data-filter=\"L\">L<\/li>\n\t\t\t\t<li class=\"fochcpt-diagnosis-alpha alphabet-M\" data-filter=\"M\">M<\/li>\n\t\t\t\t<li class=\"fochcpt-diagnosis-alpha alphabet-N\" data-filter=\"N\">N<\/li>\n\t\t\t\t<li class=\"fochcpt-diagnosis-alpha alphabet-O\" data-filter=\"O\">O<\/li>\n\t\t\t\t<li class=\"fochcpt-diagnosis-alpha alphabet-P\" data-filter=\"P\">P<\/li>\n\t\t\t\t<li class=\"fochcpt-diagnosis-alpha alphabet-Q\" data-filter=\"Q\">Q<\/li>\n\t\t\t\t<li class=\"fochcpt-diagnosis-alpha alphabet-R\" data-filter=\"R\">R<\/li>\n\t\t\t\t<li class=\"fochcpt-diagnosis-alpha alphabet-S\" data-filter=\"S\">S<\/li>\n\t\t\t\t<li class=\"fochcpt-diagnosis-alpha alphabet-T\" data-filter=\"T\">T<\/li>\n\t\t\t\t<li class=\"fochcpt-diagnosis-alpha alphabet-U\" data-filter=\"U\">U<\/li>\n\t\t\t\t<li class=\"fochcpt-diagnosis-alpha alphabet-V\" data-filter=\"V\">V<\/li>\n\t\t\t\t<li class=\"fochcpt-diagnosis-alpha alphabet-W\" data-filter=\"W\">W<\/li>\n\t\t\t\t<li class=\"fochcpt-diagnosis-alpha alphabet-X\" data-filter=\"X\">X<\/li>\n\t\t\t\t<li class=\"fochcpt-diagnosis-alpha alphabet-Y\" data-filter=\"Y\">Y<\/li>\n\t\t\t\t<li class=\"fochcpt-diagnosis-alpha alphabet-Z\" data-filter=\"Z\">Z<\/li>\n\t\t\t<\/ul>\n        <\/div>\n\t\t\t <div class=\"fohcpt-diagnosis-container\">\n\t\t \t\t<\/div>\n\t<\/div> \n<\/p>\n","protected":false},"author":2,"featured_media":17677,"parent":0,"menu_order":32,"comment_status":"open","ping_status":"open","template":"","meta":{"_acf_changed":false,"_et_pb_use_builder":"on","_et_pb_old_content":"","_et_gb_content_width":"","footnotes":""},"class_list":["post-2983","page","type-page","status-publish","has-post-thumbnail","hentry"],"acf":[],"yoast_head":"<!-- This site is optimized with the Yoast SEO Premium plugin v27.2 (Yoast SEO v27.2) - https:\/\/yoast.com\/product\/yoast-seo-premium-wordpress\/ -->\n<title>Condiciones Comunes y Diagnostico Terapia Fisica Miami<\/title>\n<meta name=\"description\" content=\"\u00c9stas son las afecciones m\u00e9dicas m\u00e1s comunes tratadas por los fisioterapeutas: Lesiones deportivas, distrofia muscular, dolor de espalda y cuello.\" \/>\n<meta name=\"robots\" content=\"index, follow, max-snippet:-1, max-image-preview:large, max-video-preview:-1\" \/>\n<link rel=\"canonical\" href=\"https:\/\/fohcpt.com\/es\/common-conditions-and-diagnosis\/\" \/>\n<meta property=\"og:locale\" content=\"es_ES\" \/>\n<meta property=\"og:type\" content=\"article\" \/>\n<meta property=\"og:title\" content=\"Condiciones Comunes y Diagnostico Terapia Fisica Miami\" \/>\n<meta property=\"og:description\" content=\"\u00c9stas son las afecciones m\u00e9dicas m\u00e1s comunes tratadas por los fisioterapeutas: Lesiones deportivas, distrofia muscular, dolor de espalda y cuello.\" \/>\n<meta property=\"og:url\" content=\"https:\/\/fohcpt.com\/es\/common-conditions-and-diagnosis\/\" \/>\n<meta property=\"og:site_name\" content=\"Miami FOHCPT\" \/>\n<meta property=\"article:publisher\" content=\"https:\/\/www.facebook.com\/PhysicalTherapyMiami\" \/>\n<meta property=\"article:modified_time\" content=\"2025-11-07T19:26:13+00:00\" \/>\n<meta property=\"og:image\" content=\"https:\/\/fohcpt.com\/wp-content\/uploads\/2025\/11\/FOHCPT-Sports-Medicine-social.jpg\" \/>\n\t<meta property=\"og:image:width\" content=\"1200\" \/>\n\t<meta property=\"og:image:height\" content=\"675\" \/>\n\t<meta property=\"og:image:type\" content=\"image\/jpeg\" \/>\n<meta name=\"twitter:card\" content=\"summary_large_image\" \/>\n<meta name=\"twitter:title\" content=\"Condiciones Comunes y Diagnostico Terapia Fisica Miami\" \/>\n<meta name=\"twitter:label1\" content=\"Tiempo de lectura\" \/>\n\t<meta name=\"twitter:data1\" content=\"1 minuto\" \/>\n<script type=\"application\/ld+json\" class=\"yoast-schema-graph\">{\"@context\":\"https:\/\/schema.org\",\"@graph\":[{\"@type\":\"WebPage\",\"@id\":\"https:\/\/fohcpt.com\/es\/common-conditions-and-diagnosis\/\",\"url\":\"https:\/\/fohcpt.com\/es\/common-conditions-and-diagnosis\/\",\"name\":\"Condiciones Comunes y Diagnostico Terapia Fisica Miami\",\"isPartOf\":{\"@id\":\"https:\/\/fohcpt.com\/es\/#website\"},\"primaryImageOfPage\":{\"@id\":\"https:\/\/fohcpt.com\/es\/common-conditions-and-diagnosis\/#primaryimage\"},\"image\":{\"@id\":\"https:\/\/fohcpt.com\/es\/common-conditions-and-diagnosis\/#primaryimage\"},\"thumbnailUrl\":\"https:\/\/fohcpt.com\/wp-content\/uploads\/2025\/11\/FOHCPT-Sports-Medicine-social.jpg\",\"datePublished\":\"2014-06-18T11:04:18+00:00\",\"dateModified\":\"2025-11-07T19:26:13+00:00\",\"description\":\"\u00c9stas son las afecciones m\u00e9dicas m\u00e1s comunes tratadas por los fisioterapeutas: Lesiones deportivas, distrofia muscular, dolor de espalda y cuello.\",\"breadcrumb\":{\"@id\":\"https:\/\/fohcpt.com\/es\/common-conditions-and-diagnosis\/#breadcrumb\"},\"inLanguage\":\"es\",\"potentialAction\":[{\"@type\":\"ReadAction\",\"target\":[\"https:\/\/fohcpt.com\/es\/common-conditions-and-diagnosis\/\"]}]},{\"@type\":\"ImageObject\",\"inLanguage\":\"es\",\"@id\":\"https:\/\/fohcpt.com\/es\/common-conditions-and-diagnosis\/#primaryimage\",\"url\":\"https:\/\/fohcpt.com\/wp-content\/uploads\/2025\/11\/FOHCPT-Sports-Medicine-social.jpg\",\"contentUrl\":\"https:\/\/fohcpt.com\/wp-content\/uploads\/2025\/11\/FOHCPT-Sports-Medicine-social.jpg\",\"width\":1200,\"height\":675,\"caption\":\"Medicina Deportiva\"},{\"@type\":\"BreadcrumbList\",\"@id\":\"https:\/\/fohcpt.com\/es\/common-conditions-and-diagnosis\/#breadcrumb\",\"itemListElement\":[{\"@type\":\"ListItem\",\"position\":1,\"name\":\"Home\",\"item\":\"https:\/\/fohcpt.com\/es\/\"},{\"@type\":\"ListItem\",\"position\":2,\"name\":\"Afecciones Comunes y Diagn\u00f3stico\"}]},{\"@type\":\"WebSite\",\"@id\":\"https:\/\/fohcpt.com\/es\/#website\",\"url\":\"https:\/\/fohcpt.com\/es\/\",\"name\":\"Miami FOHCPT\",\"description\":\"Florida Occupational Healthcare Physical Therapy Miami\",\"publisher\":{\"@id\":\"https:\/\/fohcpt.com\/es\/#organization\"},\"alternateName\":\"Physical Therapy Miami\",\"potentialAction\":[{\"@type\":\"SearchAction\",\"target\":{\"@type\":\"EntryPoint\",\"urlTemplate\":\"https:\/\/fohcpt.com\/es\/?s={search_term_string}\"},\"query-input\":{\"@type\":\"PropertyValueSpecification\",\"valueRequired\":true,\"valueName\":\"search_term_string\"}}],\"inLanguage\":\"es\"},{\"@type\":[\"Organization\",\"Place\"],\"@id\":\"https:\/\/fohcpt.com\/es\/#organization\",\"name\":\"Miami FOHCPT\",\"url\":\"https:\/\/fohcpt.com\/es\/\",\"logo\":{\"@id\":\"https:\/\/fohcpt.com\/es\/common-conditions-and-diagnosis\/#local-main-organization-logo\"},\"image\":{\"@id\":\"https:\/\/fohcpt.com\/es\/common-conditions-and-diagnosis\/#local-main-organization-logo\"},\"sameAs\":[\"https:\/\/www.facebook.com\/PhysicalTherapyMiami\",\"https:\/\/www.youtube.com\/channel\/UCz69b4cBcwygKvB9Cj1NQIw?reload=9\",\"https:\/\/www.linkedin.com\/company\/florida-occupational-healthcare\/about\/\",\"https:\/\/www.instagram.com\/fohcpt\/\"],\"telephone\":[],\"openingHoursSpecification\":[{\"@type\":\"OpeningHoursSpecification\",\"dayOfWeek\":[\"Monday\",\"Tuesday\",\"Wednesday\",\"Thursday\",\"Friday\",\"Saturday\",\"Sunday\"],\"opens\":\"09:00\",\"closes\":\"17:00\"}]},{\"@type\":\"ImageObject\",\"inLanguage\":\"es\",\"@id\":\"https:\/\/fohcpt.com\/es\/common-conditions-and-diagnosis\/#local-main-organization-logo\",\"url\":\"https:\/\/fohcpt.com\/wp-content\/uploads\/2023\/01\/Florida-Occupational-Healthcare.png\",\"contentUrl\":\"https:\/\/fohcpt.com\/wp-content\/uploads\/2023\/01\/Florida-Occupational-Healthcare.png\",\"width\":253,\"height\":108,\"caption\":\"Miami FOHCPT\"}]}<\/script>\n<!-- \/ Yoast SEO Premium plugin. -->","yoast_head_json":{"title":"Condiciones Comunes y Diagnostico Terapia Fisica Miami","description":"\u00c9stas son las afecciones m\u00e9dicas m\u00e1s comunes tratadas por los fisioterapeutas: Lesiones deportivas, distrofia muscular, dolor de espalda y cuello.","robots":{"index":"index","follow":"follow","max-snippet":"max-snippet:-1","max-image-preview":"max-image-preview:large","max-video-preview":"max-video-preview:-1"},"canonical":"https:\/\/fohcpt.com\/es\/common-conditions-and-diagnosis\/","og_locale":"es_ES","og_type":"article","og_title":"Condiciones Comunes y Diagnostico Terapia Fisica Miami","og_description":"\u00c9stas son las afecciones m\u00e9dicas m\u00e1s comunes tratadas por los fisioterapeutas: Lesiones deportivas, distrofia muscular, dolor de espalda y cuello.","og_url":"https:\/\/fohcpt.com\/es\/common-conditions-and-diagnosis\/","og_site_name":"Miami FOHCPT","article_publisher":"https:\/\/www.facebook.com\/PhysicalTherapyMiami","article_modified_time":"2025-11-07T19:26:13+00:00","og_image":[{"width":1200,"height":675,"url":"https:\/\/fohcpt.com\/wp-content\/uploads\/2025\/11\/FOHCPT-Sports-Medicine-social.jpg","type":"image\/jpeg"}],"twitter_card":"summary_large_image","twitter_title":"Condiciones Comunes y Diagnostico Terapia Fisica Miami","twitter_misc":{"Tiempo de lectura":"1 minuto"},"schema":{"@context":"https:\/\/schema.org","@graph":[{"@type":"WebPage","@id":"https:\/\/fohcpt.com\/es\/common-conditions-and-diagnosis\/","url":"https:\/\/fohcpt.com\/es\/common-conditions-and-diagnosis\/","name":"Condiciones Comunes y Diagnostico Terapia Fisica Miami","isPartOf":{"@id":"https:\/\/fohcpt.com\/es\/#website"},"primaryImageOfPage":{"@id":"https:\/\/fohcpt.com\/es\/common-conditions-and-diagnosis\/#primaryimage"},"image":{"@id":"https:\/\/fohcpt.com\/es\/common-conditions-and-diagnosis\/#primaryimage"},"thumbnailUrl":"https:\/\/fohcpt.com\/wp-content\/uploads\/2025\/11\/FOHCPT-Sports-Medicine-social.jpg","datePublished":"2014-06-18T11:04:18+00:00","dateModified":"2025-11-07T19:26:13+00:00","description":"\u00c9stas son las afecciones m\u00e9dicas m\u00e1s comunes tratadas por los fisioterapeutas: Lesiones deportivas, distrofia muscular, dolor de espalda y cuello.","breadcrumb":{"@id":"https:\/\/fohcpt.com\/es\/common-conditions-and-diagnosis\/#breadcrumb"},"inLanguage":"es","potentialAction":[{"@type":"ReadAction","target":["https:\/\/fohcpt.com\/es\/common-conditions-and-diagnosis\/"]}]},{"@type":"ImageObject","inLanguage":"es","@id":"https:\/\/fohcpt.com\/es\/common-conditions-and-diagnosis\/#primaryimage","url":"https:\/\/fohcpt.com\/wp-content\/uploads\/2025\/11\/FOHCPT-Sports-Medicine-social.jpg","contentUrl":"https:\/\/fohcpt.com\/wp-content\/uploads\/2025\/11\/FOHCPT-Sports-Medicine-social.jpg","width":1200,"height":675,"caption":"Medicina Deportiva"},{"@type":"BreadcrumbList","@id":"https:\/\/fohcpt.com\/es\/common-conditions-and-diagnosis\/#breadcrumb","itemListElement":[{"@type":"ListItem","position":1,"name":"Home","item":"https:\/\/fohcpt.com\/es\/"},{"@type":"ListItem","position":2,"name":"Afecciones Comunes y Diagn\u00f3stico"}]},{"@type":"WebSite","@id":"https:\/\/fohcpt.com\/es\/#website","url":"https:\/\/fohcpt.com\/es\/","name":"Miami FOHCPT","description":"Florida Occupational Healthcare Physical Therapy Miami","publisher":{"@id":"https:\/\/fohcpt.com\/es\/#organization"},"alternateName":"Physical Therapy Miami","potentialAction":[{"@type":"SearchAction","target":{"@type":"EntryPoint","urlTemplate":"https:\/\/fohcpt.com\/es\/?s={search_term_string}"},"query-input":{"@type":"PropertyValueSpecification","valueRequired":true,"valueName":"search_term_string"}}],"inLanguage":"es"},{"@type":["Organization","Place"],"@id":"https:\/\/fohcpt.com\/es\/#organization","name":"Miami FOHCPT","url":"https:\/\/fohcpt.com\/es\/","logo":{"@id":"https:\/\/fohcpt.com\/es\/common-conditions-and-diagnosis\/#local-main-organization-logo"},"image":{"@id":"https:\/\/fohcpt.com\/es\/common-conditions-and-diagnosis\/#local-main-organization-logo"},"sameAs":["https:\/\/www.facebook.com\/PhysicalTherapyMiami","https:\/\/www.youtube.com\/channel\/UCz69b4cBcwygKvB9Cj1NQIw?reload=9","https:\/\/www.linkedin.com\/company\/florida-occupational-healthcare\/about\/","https:\/\/www.instagram.com\/fohcpt\/"],"telephone":[],"openingHoursSpecification":[{"@type":"OpeningHoursSpecification","dayOfWeek":["Monday","Tuesday","Wednesday","Thursday","Friday","Saturday","Sunday"],"opens":"09:00","closes":"17:00"}]},{"@type":"ImageObject","inLanguage":"es","@id":"https:\/\/fohcpt.com\/es\/common-conditions-and-diagnosis\/#local-main-organization-logo","url":"https:\/\/fohcpt.com\/wp-content\/uploads\/2023\/01\/Florida-Occupational-Healthcare.png","contentUrl":"https:\/\/fohcpt.com\/wp-content\/uploads\/2023\/01\/Florida-Occupational-Healthcare.png","width":253,"height":108,"caption":"Miami FOHCPT"}]}},"_links":{"self":[{"href":"https:\/\/fohcpt.com\/es\/wp-json\/wp\/v2\/pages\/2983","targetHints":{"allow":["GET"]}}],"collection":[{"href":"https:\/\/fohcpt.com\/es\/wp-json\/wp\/v2\/pages"}],"about":[{"href":"https:\/\/fohcpt.com\/es\/wp-json\/wp\/v2\/types\/page"}],"author":[{"embeddable":true,"href":"https:\/\/fohcpt.com\/es\/wp-json\/wp\/v2\/users\/2"}],"replies":[{"embeddable":true,"href":"https:\/\/fohcpt.com\/es\/wp-json\/wp\/v2\/comments?post=2983"}],"version-history":[{"count":8,"href":"https:\/\/fohcpt.com\/es\/wp-json\/wp\/v2\/pages\/2983\/revisions"}],"predecessor-version":[{"id":17795,"href":"https:\/\/fohcpt.com\/es\/wp-json\/wp\/v2\/pages\/2983\/revisions\/17795"}],"wp:featuredmedia":[{"embeddable":true,"href":"https:\/\/fohcpt.com\/es\/wp-json\/wp\/v2\/media\/17677"}],"wp:attachment":[{"href":"https:\/\/fohcpt.com\/es\/wp-json\/wp\/v2\/media?parent=2983"}],"curies":[{"name":"wp","href":"https:\/\/api.w.org\/{rel}","templated":true}]}}