{"id":7275,"date":"2023-02-01T06:08:17","date_gmt":"2023-02-01T11:08:17","guid":{"rendered":"https:\/\/fohcpt.com\/faqs\/"},"modified":"2023-02-04T08:40:23","modified_gmt":"2023-02-04T13:40:23","slug":"faq","status":"publish","type":"page","link":"https:\/\/fohcpt.com\/es\/faq\/","title":{"rendered":"Faqs"},"content":{"rendered":"<p>[et_pb_section fb_built=\u00bb1&#8243; _builder_version=\u00bb4.18.0&#8243; _module_preset=\u00bbdefault\u00bb background_image=\u00bbhttps:\/\/fohcpt.com\/wp-content\/uploads\/2023\/01\/Physical-Therapy-South-Miami.png\u00bb custom_padding=\u00bb7.5%||7.5%||true|false\u00bb locked=\u00bboff\u00bb global_colors_info=\u00bb{}\u00bb][et_pb_row _builder_version=\u00bb4.18.0&#8243; _module_preset=\u00bbdefault\u00bb width=\u00bb100%\u00bb custom_padding=\u00bb0px||0px||true|false\u00bb global_colors_info=\u00bb{}\u00bb][et_pb_column type=\u00bb4_4&#8243; _builder_version=\u00bb4.18.0&#8243; _module_preset=\u00bbdefault\u00bb global_colors_info=\u00bb{}\u00bb][et_pb_text _builder_version=\u00bb4.19.5&#8243; _module_preset=\u00bbdefault\u00bb header_font=\u00bbLato|700||on|||||\u00bb header_text_align=\u00bbcenter\u00bb header_text_color=\u00bb#FFFFFF\u00bb header_font_size=\u00bb40px\u00bb header_font_size_tablet=\u00bb40px\u00bb header_font_size_phone=\u00bb26px\u00bb header_font_size_last_edited=\u00bbon|phone\u00bb global_colors_info=\u00bb{}\u00bb]<\/p>\n<h1>PREGUNTAS FRECUENTES<\/h1>\n<p>[\/et_pb_text][\/et_pb_column][\/et_pb_row][\/et_pb_section][et_pb_section fb_built=\u00bb1&#8243; _builder_version=\u00bb4.19.5&#8243; _module_preset=\u00bbdefault\u00bb global_colors_info=\u00bb{}\u00bb][et_pb_row _builder_version=\u00bb4.19.5&#8243; _module_preset=\u00bbdefault\u00bb global_colors_info=\u00bb{}\u00bb][et_pb_column type=\u00bb4_4&#8243; _builder_version=\u00bb4.19.5&#8243; _module_preset=\u00bbdefault\u00bb global_colors_info=\u00bb{}\u00bb][et_pb_code _builder_version=\u00bb4.19.5&#8243; _module_preset=\u00bbdefault\u00bb global_colors_info=\u00bb{}\u00bb]\t <div class=\"fohcpt-faqs-container\">\n\t\t \t\t\t  <div class=\"fohcpt-faqs-subcontainer\">\n\t\t\t  <div class=\"fohcpt-faqs-question\">\n\t\t\t\t  <h2> <a href=\"https:\/\/fohcpt.com\/es\/faqs\/que-es-la-fisioterapia\/\">\u00bfQu\u00e9 es Fisioterapia?<\/a><\/h2>\n\t\t\t  <\/div>\n\t\t\t  <div class=\"fohcpt-faqs-answer\">\n\t\t\t\t    \t\t\t\t    <p>La fisioterapia trata principalmente diversas afecciones ortop\u00e9dicas, como lesiones deportivas u otras afecciones musculoesquel\u00e9ticas, seg\u00fan Stanford Medicine. Puede estar indicada en una amplia gama de casos, desde tratar una le<a href=\"https:\/\/fohcpt.com\/es\/faqs\/que-es-la-fisioterapia\/\"> [...]<\/a><\/p>\n\t\t\t  <\/div>\n\t\t <\/div>\n\t\t\t\t\t  <div class=\"fohcpt-faqs-subcontainer\">\n\t\t\t  <div class=\"fohcpt-faqs-question\">\n\t\t\t\t  <h2> <a href=\"https:\/\/fohcpt.com\/es\/faqs\/cual-es-la-diferencia-entre-terapia-fisica-y-terapia-ocupacional\/\">\u00bfCu\u00e1l es la diferencia entre fisioterapia y terapia ocupacional?<\/a><\/h2>\n\t\t\t  <\/div>\n\t\t\t  <div class=\"fohcpt-faqs-answer\">\n\t\t\t\t    \t\t\t\t    <p>El estudio de la fisioterapia est\u00e1 dirigido a tratar todas y cada una de las partes del cuerpo y los diagn\u00f3sticos. La terapia ocupacional se centra m\u00e1s en las extremidades superiores y en las tareas funcionales a las que se enfrentan los pacientes.<\/p>\n\t\t\t  <\/div>\n\t\t <\/div>\n\t\t\t\t\t  <div class=\"fohcpt-faqs-subcontainer\">\n\t\t\t  <div class=\"fohcpt-faqs-question\">\n\t\t\t\t  <h2> <a href=\"https:\/\/fohcpt.com\/es\/faqs\/what-is-physical-therapy-or-physical-rehabilitation\/\">\u00bfQu\u00e9 es la fisioterapia o rehabilitaci\u00f3n f\u00edsica?<\/a><\/h2>\n\t\t\t  <\/div>\n\t\t\t  <div class=\"fohcpt-faqs-answer\">\n\t\t\t\t    \t\t\t\t    <p>La fisioterapia es una disciplina de la Salud que ofrece una terapia alternativa no farmacol\u00f3gica para aliviar los s\u00edntomas de muchas dolencias, tanto agudas como cr\u00f3nicas, mediante ejercicio terap\u00e9ut<a href=\"https:\/\/fohcpt.com\/es\/faqs\/what-is-physical-therapy-or-physical-rehabilitation\/\"> [...]<\/a><\/p>\n\t\t\t  <\/div>\n\t\t <\/div>\n\t\t\t\t\t  <div class=\"fohcpt-faqs-subcontainer\">\n\t\t\t  <div class=\"fohcpt-faqs-question\">\n\t\t\t\t  <h2> <a href=\"https:\/\/fohcpt.com\/es\/faqs\/como-hago-para-empezar\/\">\u00bfC\u00f3mo empiezo con sesiones de fisioterapia?<\/a><\/h2>\n\t\t\t  <\/div>\n\t\t\t  <div class=\"fohcpt-faqs-answer\">\n\t\t\t\t    \t\t\t\t    <p>Si usted est\u00e1 en necesidad de una cita de terapia f\u00edsica, llame a nuestra oficina del sur de Miami (305) 274-3311 o The Falls (305) 964-5571 con la informaci\u00f3n de su seguro y vamos a iniciar el proceso. Los beneficios del seguro <a href=\"https:\/\/fohcpt.com\/es\/faqs\/como-hago-para-empezar\/\"> [...]<\/a><\/p>\n\t\t\t  <\/div>\n\t\t <\/div>\n\t\t\t\t\t  <div class=\"fohcpt-faqs-subcontainer\">\n\t\t\t  <div class=\"fohcpt-faqs-question\">\n\t\t\t\t  <h2> <a href=\"https:\/\/fohcpt.com\/es\/faqs\/como-debo-vestirme\/\">\u00bfQu\u00e9 ropa debo llevar para mi sesi\u00f3n de fisioterapia?<\/a><\/h2>\n\t\t\t  <\/div>\n\t\t\t  <div class=\"fohcpt-faqs-answer\">\n\t\t\t\t    \t\t\t\t    <p>Tenga en cuenta que durante la sesi\u00f3n de fisioterapia es probable que haga ejercicio, as\u00ed que lleve ropa holgada y c\u00f3moda que le permita moverse con libertad.<\/p>\n\t\t\t  <\/div>\n\t\t <\/div>\n\t\t\t\t\t  <div class=\"fohcpt-faqs-subcontainer\">\n\t\t\t  <div class=\"fohcpt-faqs-question\">\n\t\t\t\t  <h2> <a href=\"https:\/\/fohcpt.com\/es\/faqs\/que-debo-esperar-en-mi-primera-visita\/\">\u00bfQu\u00e9 debo esperar en mi primera visita de fisioterapia?<\/a><\/h2>\n\t\t\t  <\/div>\n\t\t\t  <div class=\"fohcpt-faqs-answer\">\n\t\t\t\t    \t\t\t\t    <p>En su primera visita ser\u00e1 evaluado por un Doctor en Fisioterapia (DPT). Se realizar\u00e1n pruebas especiales para confirmar con exactitud su diagn\u00f3stico. A continuaci\u00f3n, el DPT repasar\u00e1 su diagn\u00f3stico, junto con todos <a href=\"https:\/\/fohcpt.com\/es\/faqs\/que-debo-esperar-en-mi-primera-visita\/\"> [...]<\/a><\/p>\n\t\t\t  <\/div>\n\t\t <\/div>\n\t\t\t\t<\/div>\n  <div class=\"fohcpt-faqs-pagination\">\n\t   <span aria-current=\"page\" class=\"page-numbers current\">1<\/span>\n<a class=\"page-numbers\" href=\"https:\/\/fohcpt.com\/es\/wp-json\/wp\/v2\/pages\/7275\/page\/2\/\">2<\/a>\n<a class=\"next page-numbers\" href=\"https:\/\/fohcpt.com\/es\/wp-json\/wp\/v2\/pages\/7275\/page\/2\/\">Siguiente &raquo;<\/a>\t   <\/div>\n\t[\/et_pb_code][\/et_pb_column][\/et_pb_row][\/et_pb_section]<\/p>\n","protected":false},"excerpt":{"rendered":"<p>[et_pb_section fb_built=\u00bb1&#8243; _builder_version=\u00bb4.18.0&#8243; _module_preset=\u00bbdefault\u00bb background_image=\u00bbhttps:\/\/fohcpt.com\/wp-content\/uploads\/2023\/01\/Physical-Therapy-South-Miami.png\u00bb custom_padding=\u00bb7.5%||7.5%||true|false\u00bb locked=\u00bboff\u00bb global_colors_info=\u00bb{}\u00bb][et_pb_row _builder_version=\u00bb4.18.0&#8243; _module_preset=\u00bbdefault\u00bb width=\u00bb100%\u00bb custom_padding=\u00bb0px||0px||true|false\u00bb global_colors_info=\u00bb{}\u00bb][et_pb_column type=\u00bb4_4&#8243; _builder_version=\u00bb4.18.0&#8243; _module_preset=\u00bbdefault\u00bb global_colors_info=\u00bb{}\u00bb][et_pb_text _builder_version=\u00bb4.19.5&#8243; _module_preset=\u00bbdefault\u00bb header_font=\u00bbLato|700||on|||||\u00bb header_text_align=\u00bbcenter\u00bb header_text_color=\u00bb#FFFFFF\u00bb header_font_size=\u00bb40px\u00bb header_font_size_tablet=\u00bb40px\u00bb header_font_size_phone=\u00bb26px\u00bb header_font_size_last_edited=\u00bbon|phone\u00bb global_colors_info=\u00bb{}\u00bb] PREGUNTAS FRECUENTES [\/et_pb_text][\/et_pb_column][\/et_pb_row][\/et_pb_section][et_pb_section fb_built=\u00bb1&#8243; _builder_version=\u00bb4.19.5&#8243; _module_preset=\u00bbdefault\u00bb global_colors_info=\u00bb{}\u00bb][et_pb_row _builder_version=\u00bb4.19.5&#8243; _module_preset=\u00bbdefault\u00bb global_colors_info=\u00bb{}\u00bb][et_pb_column type=\u00bb4_4&#8243; _builder_version=\u00bb4.19.5&#8243; _module_preset=\u00bbdefault\u00bb global_colors_info=\u00bb{}\u00bb][et_pb_code _builder_version=\u00bb4.19.5&#8243; _module_preset=\u00bbdefault\u00bb global_colors_info=\u00bb{}\u00bb][\/et_pb_code][\/et_pb_column][\/et_pb_row][\/et_pb_section]<\/p>\n","protected":false},"author":2,"featured_media":0,"parent":0,"menu_order":0,"comment_status":"closed","ping_status":"closed","template":"","meta":{"_acf_changed":false,"_et_pb_use_builder":"on","_et_pb_old_content":"","_et_gb_content_width":"","footnotes":""},"class_list":["post-7275","page","type-page","status-publish","hentry"],"acf":[],"yoast_head":"<!-- This site is optimized with the Yoast SEO Premium plugin v27.2 (Yoast SEO v27.2) - https:\/\/yoast.com\/product\/yoast-seo-premium-wordpress\/ -->\n<title>Preguntas Frecuentes | South Miami Fisioterapia y Ortopedia Deportiva<\/title>\n<meta name=\"description\" content=\"Doctores en Ortopedia y Fisioterapia Deportiva en South Miami. No es necesario tener cita previa o lamenos (305) 274-3311\" \/>\n<meta name=\"robots\" content=\"index, follow, max-snippet:-1, max-image-preview:large, max-video-preview:-1\" \/>\n<link rel=\"canonical\" href=\"https:\/\/fohcpt.com\/es\/faq\/\" \/>\n<meta property=\"og:locale\" content=\"es_ES\" \/>\n<meta property=\"og:type\" content=\"article\" \/>\n<meta property=\"og:title\" content=\"outh Miami Doctor en Ortopedia y Fisioterapia Deportiva\" \/>\n<meta property=\"og:description\" content=\"Doctores en Ortopedia y Fisioterapia Deportiva en South Miami. No es necesario tener cita previa o lamenos (305) 274-3311\" \/>\n<meta property=\"og:url\" content=\"https:\/\/fohcpt.com\/es\/faq\/\" \/>\n<meta property=\"og:site_name\" content=\"Miami FOHCPT\" \/>\n<meta property=\"article:publisher\" content=\"https:\/\/www.facebook.com\/PhysicalTherapyMiami\" \/>\n<meta property=\"article:modified_time\" content=\"2023-02-04T13:40:23+00:00\" \/>\n<meta property=\"og:image\" content=\"https:\/\/fohcpt.com\/wp-content\/uploads\/2026\/01\/Physical-Therapy-Sports-Medicine.png\" \/>\n\t<meta property=\"og:image:width\" content=\"1200\" \/>\n\t<meta property=\"og:image:height\" content=\"675\" \/>\n\t<meta property=\"og:image:type\" content=\"image\/png\" \/>\n<meta name=\"twitter:card\" content=\"summary_large_image\" \/>\n<meta name=\"twitter:title\" content=\"South Miami Doctor en Ortopedia y Fisioterapia Deportiva\" \/>\n<meta name=\"twitter:label1\" content=\"Tiempo de lectura\" \/>\n\t<meta name=\"twitter:data1\" content=\"1 minuto\" \/>\n<script type=\"application\/ld+json\" class=\"yoast-schema-graph\">{\"@context\":\"https:\/\/schema.org\",\"@graph\":[{\"@type\":\"WebPage\",\"@id\":\"https:\/\/fohcpt.com\/es\/faq\/\",\"url\":\"https:\/\/fohcpt.com\/es\/faq\/\",\"name\":\"Preguntas Frecuentes | South Miami Fisioterapia y Ortopedia Deportiva\",\"isPartOf\":{\"@id\":\"https:\/\/fohcpt.com\/es\/#website\"},\"datePublished\":\"2023-02-01T11:08:17+00:00\",\"dateModified\":\"2023-02-04T13:40:23+00:00\",\"description\":\"Doctores en Ortopedia y Fisioterapia Deportiva en South Miami. No es necesario tener cita previa o lamenos (305) 274-3311\",\"breadcrumb\":{\"@id\":\"https:\/\/fohcpt.com\/es\/faq\/#breadcrumb\"},\"inLanguage\":\"es\",\"potentialAction\":[{\"@type\":\"ReadAction\",\"target\":[\"https:\/\/fohcpt.com\/es\/faq\/\"]}]},{\"@type\":\"BreadcrumbList\",\"@id\":\"https:\/\/fohcpt.com\/es\/faq\/#breadcrumb\",\"itemListElement\":[{\"@type\":\"ListItem\",\"position\":1,\"name\":\"Home\",\"item\":\"https:\/\/fohcpt.com\/es\/\"},{\"@type\":\"ListItem\",\"position\":2,\"name\":\"Faqs\"}]},{\"@type\":\"WebSite\",\"@id\":\"https:\/\/fohcpt.com\/es\/#website\",\"url\":\"https:\/\/fohcpt.com\/es\/\",\"name\":\"Miami FOHCPT\",\"description\":\"Florida Occupational Healthcare Physical Therapy Miami\",\"publisher\":{\"@id\":\"https:\/\/fohcpt.com\/es\/#organization\"},\"alternateName\":\"Physical Therapy Miami\",\"potentialAction\":[{\"@type\":\"SearchAction\",\"target\":{\"@type\":\"EntryPoint\",\"urlTemplate\":\"https:\/\/fohcpt.com\/es\/?s={search_term_string}\"},\"query-input\":{\"@type\":\"PropertyValueSpecification\",\"valueRequired\":true,\"valueName\":\"search_term_string\"}}],\"inLanguage\":\"es\"},{\"@type\":[\"Organization\",\"Place\"],\"@id\":\"https:\/\/fohcpt.com\/es\/#organization\",\"name\":\"Miami FOHCPT\",\"url\":\"https:\/\/fohcpt.com\/es\/\",\"logo\":{\"@id\":\"https:\/\/fohcpt.com\/es\/faq\/#local-main-organization-logo\"},\"image\":{\"@id\":\"https:\/\/fohcpt.com\/es\/faq\/#local-main-organization-logo\"},\"sameAs\":[\"https:\/\/www.facebook.com\/PhysicalTherapyMiami\",\"https:\/\/www.youtube.com\/channel\/UCz69b4cBcwygKvB9Cj1NQIw?reload=9\",\"https:\/\/www.linkedin.com\/company\/florida-occupational-healthcare\/about\/\",\"https:\/\/www.instagram.com\/fohcpt\/\"],\"telephone\":[],\"openingHoursSpecification\":[{\"@type\":\"OpeningHoursSpecification\",\"dayOfWeek\":[\"Monday\",\"Tuesday\",\"Wednesday\",\"Thursday\",\"Friday\",\"Saturday\",\"Sunday\"],\"opens\":\"09:00\",\"closes\":\"17:00\"}]},{\"@type\":\"ImageObject\",\"inLanguage\":\"es\",\"@id\":\"https:\/\/fohcpt.com\/es\/faq\/#local-main-organization-logo\",\"url\":\"https:\/\/fohcpt.com\/wp-content\/uploads\/2023\/01\/Florida-Occupational-Healthcare.png\",\"contentUrl\":\"https:\/\/fohcpt.com\/wp-content\/uploads\/2023\/01\/Florida-Occupational-Healthcare.png\",\"width\":253,\"height\":108,\"caption\":\"Miami FOHCPT\"}]}<\/script>\n<!-- \/ Yoast SEO Premium plugin. -->","yoast_head_json":{"title":"Preguntas Frecuentes | South Miami Fisioterapia y Ortopedia Deportiva","description":"Doctores en Ortopedia y Fisioterapia Deportiva en South Miami. No es necesario tener cita previa o lamenos (305) 274-3311","robots":{"index":"index","follow":"follow","max-snippet":"max-snippet:-1","max-image-preview":"max-image-preview:large","max-video-preview":"max-video-preview:-1"},"canonical":"https:\/\/fohcpt.com\/es\/faq\/","og_locale":"es_ES","og_type":"article","og_title":"outh Miami Doctor en Ortopedia y Fisioterapia Deportiva","og_description":"Doctores en Ortopedia y Fisioterapia Deportiva en South Miami. No es necesario tener cita previa o lamenos (305) 274-3311","og_url":"https:\/\/fohcpt.com\/es\/faq\/","og_site_name":"Miami FOHCPT","article_publisher":"https:\/\/www.facebook.com\/PhysicalTherapyMiami","article_modified_time":"2023-02-04T13:40:23+00:00","og_image":[{"width":1200,"height":675,"url":"https:\/\/fohcpt.com\/wp-content\/uploads\/2026\/01\/Physical-Therapy-Sports-Medicine.png","type":"image\/png"}],"twitter_card":"summary_large_image","twitter_title":"South Miami Doctor en Ortopedia y Fisioterapia Deportiva","twitter_misc":{"Tiempo de lectura":"1 minuto"},"schema":{"@context":"https:\/\/schema.org","@graph":[{"@type":"WebPage","@id":"https:\/\/fohcpt.com\/es\/faq\/","url":"https:\/\/fohcpt.com\/es\/faq\/","name":"Preguntas Frecuentes | South Miami Fisioterapia y Ortopedia Deportiva","isPartOf":{"@id":"https:\/\/fohcpt.com\/es\/#website"},"datePublished":"2023-02-01T11:08:17+00:00","dateModified":"2023-02-04T13:40:23+00:00","description":"Doctores en Ortopedia y Fisioterapia Deportiva en South Miami. No es necesario tener cita previa o lamenos (305) 274-3311","breadcrumb":{"@id":"https:\/\/fohcpt.com\/es\/faq\/#breadcrumb"},"inLanguage":"es","potentialAction":[{"@type":"ReadAction","target":["https:\/\/fohcpt.com\/es\/faq\/"]}]},{"@type":"BreadcrumbList","@id":"https:\/\/fohcpt.com\/es\/faq\/#breadcrumb","itemListElement":[{"@type":"ListItem","position":1,"name":"Home","item":"https:\/\/fohcpt.com\/es\/"},{"@type":"ListItem","position":2,"name":"Faqs"}]},{"@type":"WebSite","@id":"https:\/\/fohcpt.com\/es\/#website","url":"https:\/\/fohcpt.com\/es\/","name":"Miami FOHCPT","description":"Florida Occupational Healthcare Physical Therapy Miami","publisher":{"@id":"https:\/\/fohcpt.com\/es\/#organization"},"alternateName":"Physical Therapy Miami","potentialAction":[{"@type":"SearchAction","target":{"@type":"EntryPoint","urlTemplate":"https:\/\/fohcpt.com\/es\/?s={search_term_string}"},"query-input":{"@type":"PropertyValueSpecification","valueRequired":true,"valueName":"search_term_string"}}],"inLanguage":"es"},{"@type":["Organization","Place"],"@id":"https:\/\/fohcpt.com\/es\/#organization","name":"Miami FOHCPT","url":"https:\/\/fohcpt.com\/es\/","logo":{"@id":"https:\/\/fohcpt.com\/es\/faq\/#local-main-organization-logo"},"image":{"@id":"https:\/\/fohcpt.com\/es\/faq\/#local-main-organization-logo"},"sameAs":["https:\/\/www.facebook.com\/PhysicalTherapyMiami","https:\/\/www.youtube.com\/channel\/UCz69b4cBcwygKvB9Cj1NQIw?reload=9","https:\/\/www.linkedin.com\/company\/florida-occupational-healthcare\/about\/","https:\/\/www.instagram.com\/fohcpt\/"],"telephone":[],"openingHoursSpecification":[{"@type":"OpeningHoursSpecification","dayOfWeek":["Monday","Tuesday","Wednesday","Thursday","Friday","Saturday","Sunday"],"opens":"09:00","closes":"17:00"}]},{"@type":"ImageObject","inLanguage":"es","@id":"https:\/\/fohcpt.com\/es\/faq\/#local-main-organization-logo","url":"https:\/\/fohcpt.com\/wp-content\/uploads\/2023\/01\/Florida-Occupational-Healthcare.png","contentUrl":"https:\/\/fohcpt.com\/wp-content\/uploads\/2023\/01\/Florida-Occupational-Healthcare.png","width":253,"height":108,"caption":"Miami FOHCPT"}]}},"_links":{"self":[{"href":"https:\/\/fohcpt.com\/es\/wp-json\/wp\/v2\/pages\/7275","targetHints":{"allow":["GET"]}}],"collection":[{"href":"https:\/\/fohcpt.com\/es\/wp-json\/wp\/v2\/pages"}],"about":[{"href":"https:\/\/fohcpt.com\/es\/wp-json\/wp\/v2\/types\/page"}],"author":[{"embeddable":true,"href":"https:\/\/fohcpt.com\/es\/wp-json\/wp\/v2\/users\/2"}],"replies":[{"embeddable":true,"href":"https:\/\/fohcpt.com\/es\/wp-json\/wp\/v2\/comments?post=7275"}],"version-history":[{"count":24,"href":"https:\/\/fohcpt.com\/es\/wp-json\/wp\/v2\/pages\/7275\/revisions"}],"predecessor-version":[{"id":7771,"href":"https:\/\/fohcpt.com\/es\/wp-json\/wp\/v2\/pages\/7275\/revisions\/7771"}],"wp:attachment":[{"href":"https:\/\/fohcpt.com\/es\/wp-json\/wp\/v2\/media?parent=7275"}],"curies":[{"name":"wp","href":"https:\/\/api.w.org\/{rel}","templated":true}]}}